{"id":32157,"date":"2022-05-11T10:38:02","date_gmt":"2022-05-11T10:38:02","guid":{"rendered":"https:\/\/rezortpiestany.sk\/?page_id=32157"},"modified":"2022-05-11T10:38:47","modified_gmt":"2022-05-11T10:38:47","slug":"co-robit","status":"publish","type":"page","link":"https:\/\/rezortpiestany.sk\/de\/co-robit\/","title":{"rendered":"\u010co robi\u0165"},"content":{"rendered":"<div class=\"row featurette\">\n<div class=\"col-md-7 order-md-2\">\n<h1 class=\"featurette-heading\">Rafting<span class=\"text-muted\"> auf dem Fluss V\u00e1h.<\/span><\/h1>\n<p class=\"lead\">Die Rafting-Saison auf der V\u00e1h beginnt am letzten Apriltag und dauert bis Anfang Oktober. Die Organisatoren der Rafting-Saison haben die Strecken so gestaltet, dass nicht nur Liebhaber des Adrenalinsports, sondern auch Familien mit Kindern und alle, die sich in Pie\u0161\u0165any entspannen und gleichzeitig etwas Neues erleben wollen, ihren Spa\u00df auf dem Wasser haben werden.<\/p>\n<p><a class=\"btn btn-primary\" href=\"https:\/\/rezortpiestany.sk\/splavovanie-vahu\/\">weitere Informationen zum Rafting<\/a><\/p>\n<\/div>\n<div class=\"col-md-5 order-md-1\"><img loading=\"lazy\" decoding=\"async\" class=\"alignnone size-full wp-image-1242\" src=\"https:\/\/rezortpiestany.sk\/wp-content\/uploads\/2022\/03\/IMG_2442.jpeg\" alt=\"\" width=\"500\" height=\"350\" \/><\/div>\n<\/div>\n<p>&nbsp;<\/p>\n<hr class=\"featurette-divider\" \/>\n<div class=\"row featurette\">\n<div class=\"col-md-7\">\n<h1 class=\"featurette-heading\">Wellness <span class=\"text-muted\">k\u00fape\u013e.<\/span><\/h1>\n<p class=\"lead\">Pie\u0161\u0165ansk\u00e9 k\u00fapele zn\u00e1me pre miner\u00e1lnu vodu, ktor\u00e1 je s\u00fa\u010das\u0165ou wellness proced\u00fary nie len pri balneoterapii, baz\u00e9novom k\u00fapeli zn\u00e1mym pod n\u00e1zvom Bahnisko &amp; Zrkadlisko, plynov\u00fdm such\u00fdm, uhli\u010dit\u00fdm, alebo v\u00edriv\u00fdm, perli\u010dkov\u00fdm k\u00fape\u013eom.<\/p>\n<\/div>\n<div class=\"col-md-5\"><img loading=\"lazy\" decoding=\"async\" class=\"alignnone size-full wp-image-1240\" src=\"https:\/\/rezortpiestany.sk\/wp-content\/uploads\/2020\/01\/rp-wellness-kupel.jpg\" alt=\"\" width=\"500\" height=\"350\" \/><\/div>\n<\/div>\n<p>&nbsp;<\/p>\n<hr class=\"featurette-divider\" \/>\n<p>&nbsp;<\/p>\n<div class=\"row featurette\">\n<div class=\"col-md-7 order-md-2\">\n<h1 class=\"featurette-heading\">Bahenn\u00e9 <span class=\"text-muted\">z\u00e1baly.<\/span><\/h1>\n<p class=\"lead\">S\u00fa\u010das\u0165ou k\u00fapelnej proced\u00fary pod n\u00e1zvom Bahnisko, ale aj ako samostatnej proced\u00fary &#8211; bahenn\u00e9ho z\u00e1balu, pr\u00edpadne unik\u00e1tneho postupu naz\u00fdvan\u00e9ho &#8222;Pie\u0161\u0165ansk\u00e9 parafango&#8220;.<\/p>\n<\/div>\n<div class=\"col-md-5 order-md-1\"><img loading=\"lazy\" decoding=\"async\" class=\"alignnone size-full wp-image-1242\" src=\"https:\/\/rezortpiestany.sk\/wp-content\/uploads\/2020\/01\/rp-bahenne-zabaly.jpg\" alt=\"\" width=\"500\" height=\"350\" \/><\/div>\n<\/div>\n<p>&nbsp;<\/p>\n<hr class=\"featurette-divider\" \/>\n<p>&nbsp;<\/p>\n<div class=\"row featurette\">\n<div class=\"col-md-7\">\n<h1 class=\"featurette-heading\">Wellness <span class=\"text-muted\">mas\u00e1\u017e.<\/span><\/h1>\n<p class=\"lead\">S\u00fa\u010das\u0165ou cielenej mas\u00e1\u017ee je mo\u017en\u00e9 absolvova\u0165 proced\u00faru klasick\u00fa, reflexn\u00fa, podvodn\u00fa, ale aj clarins celotelov\u00fa mas\u00e1\u017e.<\/p>\n<\/div>\n<div class=\"col-md-5\"><img loading=\"lazy\" decoding=\"async\" class=\"alignnone size-full wp-image-1243\" src=\"https:\/\/rezortpiestany.sk\/wp-content\/uploads\/2020\/01\/rp-wellness-masaz.jpg\" alt=\"\" width=\"500\" height=\"350\" \/><\/div>\n<\/div>\n<p>&nbsp;<\/p>\n<hr class=\"featurette-divider\" \/>\n<p>&nbsp;<\/p>\n<div class=\"row featurette\">\n<div class=\"col-md-7 order-md-2\">\n<h1 class=\"featurette-heading\">Sauna <span class=\"text-muted\">proced\u00fara.<\/span><\/h1>\n<p class=\"lead\">Preva\u017en\u00e1 v\u00e4\u010d\u0161ina hotelov\u00fdch zariaden\u00ed disponuje saunov\u00fdm komplexom od be\u017en\u00fdch s\u00e1un ako such\u00e1, infra, parn\u00e1 alebo f\u00ednska.<\/p>\n<\/div>\n<div class=\"col-md-5 order-md-1\"><img loading=\"lazy\" decoding=\"async\" class=\"alignnone size-full wp-image-1245\" src=\"https:\/\/rezortpiestany.sk\/wp-content\/uploads\/2020\/01\/rp-sauna-procedura.jpg\" alt=\"\" width=\"500\" height=\"350\" \/><\/div>\n<\/div>\n<p>&nbsp;<\/p>\n<hr class=\"featurette-divider\" \/>\n<p>&nbsp;<\/p>\n<div class=\"row featurette\">\n<div class=\"col-md-7\">\n<h1 class=\"featurette-heading\">Kondi\u010dn\u00e1 ch\u00f4dza <span class=\"text-muted\">Nordic walking.<\/span><\/h1>\n<p class=\"lead\">Druh rekrea\u010dnej ch\u00f4dze zn\u00e1mej aj ako seversk\u00e1 ch\u00f4dza, ktor\u00e1 sa stala ide\u00e1lnou formou fyzick\u00e9ho tr\u00e9ningu. Za pomoci \u0161peci\u00e1lnych pal\u00edc sa zv\u00fd\u0161ila \u00fa\u010dinnos\u0165 oproti norm\u00e1lnej ch\u00f4dzi. V are\u00e1li K\u00fape\u013en\u00e9ho ostrova v bl\u00edzkosti n\u00e1bre\u017eia Jusztusa J\u00e1nosa Torkosa sa nach\u00e1dza \u0161peci\u00e1lne upraven\u00fd rehabilita\u010dn\u00fd chodn\u00edk pr\u00e1ve pre tento druh ch\u00f4dze. Chodn\u00edk je roz\u0161\u00edren\u00fd o cvi\u010diace dreven\u00e9 \u010dasti ur\u010den\u00e9 pre pacientov s poruchami pohyblivosti doln\u00fdch kon\u010dat\u00edn na n\u00e1cvik ch\u00f4dze.<\/p>\n<\/div>\n<div class=\"col-md-5\"><img loading=\"lazy\" decoding=\"async\" class=\"alignnone size-full wp-image-1246\" src=\"https:\/\/rezortpiestany.sk\/wp-content\/uploads\/2020\/01\/rp-kondicna-chodza-nordic-walking.jpg\" alt=\"\" width=\"500\" height=\"350\" \/><\/div>\n<\/div>\n<p>&nbsp;<\/p>\n<hr class=\"featurette-divider\" \/>\n<p>&nbsp;<\/p>\n<div class=\"row featurette\">\n<div class=\"col-md-7 order-md-2\">\n<h1 class=\"featurette-heading\">Fitness <span class=\"text-muted\">cvi\u010denie.<\/span><\/h1>\n<p class=\"lead\">Nie len v k\u00fape\u013enom are\u00e1li, ale aj v \u0161ir\u0161om centre Pie\u0161\u0165an n\u00e1jdete neprebern\u00e9 mno\u017estvo fitness centier, ktor\u00e9 inovat\u00fdvnym sp\u00f4sobom pon\u00fakaj\u00fa pod veden\u00edm kvalifikovan\u00fdch tr\u00e9nerov cvi\u010diace programy zameran\u00e9 pod\u013ea va\u0161ej potreby.<\/p>\n<\/div>\n<div class=\"col-md-5 order-md-1\"><img loading=\"lazy\" decoding=\"async\" class=\"alignnone size-full wp-image-1248\" src=\"https:\/\/rezortpiestany.sk\/wp-content\/uploads\/2020\/01\/rp-fitness-cvicenie.jpg\" alt=\"\" width=\"500\" height=\"350\" \/><\/div>\n<\/div>\n<p>&nbsp;<\/p>\n<hr class=\"featurette-divider\" \/>\n<p>&nbsp;<\/p>\n<div class=\"row featurette\">\n<div class=\"col-md-7\">\n<h1 class=\"featurette-heading\">Cykloturistika <span class=\"text-muted\">S\u013a\u0148ava a okolie.<\/span><\/h1>\n<p class=\"lead\">Pie\u0161\u0165any le\u017eia na V\u00e1\u017eskej cyklomagistr\u00e1le. Nielen priamo v k\u00fape\u013enom meste, ale aj v jeho okol\u00ed s\u00fa prakticky neobmedzen\u00e9 mo\u017enosti cykloturistiky pre ka\u017ed\u00e9ho. Jednoduch\u0161ie trasy ako je napr\u00edklad okruh okolo S\u013a\u0148avy zvl\u00e1dnu aj rodiny s de\u0165mi, n\u00e1ro\u010dnej\u0161\u00ed cyklisti sa m\u00f4\u017eu vybra\u0165 do okolitej pr\u00edrody a milovn\u00edci adrenal\u00ednov\u00fdch j\u00e1zd si pr\u00eddu na svoje na kopci Ahoj nad Pie\u0161\u0165anmi, kde sa nach\u00e1dza bike park s tra\u0165ami r\u00f4znej n\u00e1ro\u010dnosti.<\/p>\n<p class=\"lead\">Na v\u00fdlety po Pie\u0161\u0165anoch a okol\u00ed si m\u00f4\u017eu cykloturisti odteraz bicykel po\u017ei\u010da\u0165 v novootvorenej po\u017ei\u010dovni, ktor\u00fa prev\u00e1dzkuje Oblastn\u00e1 organiz\u00e1cia cestovn\u00e9ho ruchu Rezort Pie\u0161\u0165any.<\/p>\n<p><a class=\"btn btn-primary\" href=\"https:\/\/rezortpiestany.sk\/tlacove-spravy\/pozicovna-bicyklov\/\">Viac inform\u00e1ci\u00ed o po\u017ei\u010dovni byciklov<\/a><\/p>\n<\/div>\n<div class=\"col-md-5\"><img loading=\"lazy\" decoding=\"async\" class=\"alignnone size-full wp-image-1250\" src=\"https:\/\/rezortpiestany.sk\/wp-content\/uploads\/2021\/07\/197345105_2590398857772878_5033988576068001058_n.jpg\" alt=\"\" width=\"500\" height=\"350\" data-wp-editing=\"1\" \/><\/div>\n<\/div>\n<p>&nbsp;<\/p>\n<hr class=\"featurette-divider\" \/>\n<p>&nbsp;<\/p>\n<div class=\"row featurette\">\n<div class=\"col-md-7 order-md-2\">\n<h1 class=\"featurette-heading\">In-line kor\u010dulovanie <span class=\"text-muted\">kolookruh S\u013a\u0148ava.<\/span><\/h1>\n<p class=\"lead\">Asfaltov\u00fd rekrea\u010dno-n\u00e1u\u010dn\u00fd okruh \u0161irok\u00fd 3-4 metre vedie po rovine od Krajinsk\u00e9ho mosta smerom na Lodenicu, priehradu Drahovce a sp\u00e4\u0165 po \u013eavej strane brehu V\u00e1hu k mostu. Na kor\u010duliach tento okruh zvl\u00e1dnete za cca jeden a pol hodiny pokojn\u00fdm tempom v pr\u00edpade bezvetria.<\/p>\n<\/div>\n<div class=\"col-md-5 order-md-1\"><img loading=\"lazy\" decoding=\"async\" class=\"alignnone size-full wp-image-1271\" src=\"https:\/\/rezortpiestany.sk\/wp-content\/uploads\/2020\/01\/rp-in-line-korculovanie-kolookruh-slnava.jpg\" alt=\"\" width=\"500\" height=\"350\" \/><\/div>\n<\/div>\n<p>&nbsp;<\/p>\n<hr class=\"featurette-divider\" \/>\n<p>&nbsp;<\/p>\n<div class=\"row featurette\">\n<div class=\"col-md-7\">\n<h1 class=\"featurette-heading\">Street workout <span class=\"text-muted\">ihrisko.<\/span><\/h1>\n<p class=\"lead\">Ihrisko street workoutu v bl\u00edzkosti Krajinsk\u00e9ho mostu pri V\u00e1\u017eskej ulici ur\u010den\u00e9 na funk\u010dn\u00fd tr\u00e9ning pod hol\u00fdm nebom. Workout preliezky svoj\u00edm dizajnom a vyu\u017eite\u013enos\u0165ou navrhnut\u00e9 \u013eu\u010fmi, ktor\u00ed sa tomu akt\u00edvne venuj\u00fa je mo\u017en\u00e9 nav\u0161t\u00edvi\u0165 nonstop aj vo ve\u010dern\u00fdch hodin\u00e1ch, kde je priestor umelo osvetlen\u00fd. Vstup je bezplatn\u00fd.<\/p>\n<\/div>\n<div class=\"col-md-5\"><img loading=\"lazy\" decoding=\"async\" class=\"alignnone size-full wp-image-1254\" src=\"https:\/\/rezortpiestany.sk\/wp-content\/uploads\/2020\/01\/rp-street-workout-ihrisko.jpg\" alt=\"\" width=\"500\" height=\"350\" \/><\/div>\n<\/div>\n<p>&nbsp;<\/p>\n<hr class=\"featurette-divider\" \/>\n<p>&nbsp;<\/p>\n<div class=\"row featurette\">\n<div class=\"col-md-7 order-md-2\">\n<h1 class=\"featurette-heading\">Ly\u017eovanie na tr\u00e1ve <span class=\"text-muted\">v obci Banka.<\/span><\/h1>\n<p class=\"lead\">Mesto Pie\u0161\u0165any je prv\u00fdm mestom na Slovensku, kde sa tento druh \u0161portu objavil a pretrv\u00e1va a\u017e do dnes.<\/p>\n<\/div>\n<div class=\"col-md-5 order-md-1\"><img loading=\"lazy\" decoding=\"async\" class=\"alignnone size-full wp-image-1255\" src=\"https:\/\/rezortpiestany.sk\/wp-content\/uploads\/2020\/01\/rp-lyzovanie-na-trave-v-obci-banka.jpg\" alt=\"\" width=\"500\" height=\"350\" \/><\/div>\n<\/div>\n<p>&nbsp;<\/p>\n<hr class=\"featurette-divider\" \/>\n<p>&nbsp;<\/p>\n<div class=\"row featurette\">\n<div class=\"col-md-7\">\n<h1 class=\"featurette-heading\">Ly\u017eovanie a snowboarding.<\/h1>\n<p class=\"lead\">V regi\u00f3ne Pie\u0161\u0165an s\u00fa mo\u017enosti zimn\u00fdch \u0161portov bezprostredne v bl\u00edzkosti troch ly\u017eiarskych stred\u00edsk s umel\u00fdm zasne\u017eovan\u00edm ako Ski Bezovec, Skipark K\u00e1lnica a Skiland Star\u00e1 Myjava a dve stredisk\u00e1 bez zasne\u017eovania Ve\u013ek\u00e1 Javorina a Ski Banka Ahoj.<\/p>\n<\/div>\n<div class=\"col-md-5\"><img loading=\"lazy\" decoding=\"async\" class=\"alignnone size-full wp-image-1256\" src=\"https:\/\/rezortpiestany.sk\/wp-content\/uploads\/2020\/01\/rp-lyzovanie-a-snowboarding.jpg\" alt=\"\" width=\"500\" height=\"350\" \/><\/div>\n<\/div>\n<p>&nbsp;<\/p>\n<hr class=\"featurette-divider\" \/>\n<p>&nbsp;<\/p>\n<div class=\"row featurette\">\n<div class=\"col-md-7 order-md-2\">\n<h1 class=\"featurette-heading\">Kanoistika a veslovanie <span class=\"text-muted\">pie\u0161\u0165ansk\u00fd klub.<\/span><\/h1>\n<p class=\"lead\">Oba tieto \u0161porty maj\u00fa dlh\u00fa trad\u00edciu a vychovali mno\u017estvo slovensk\u00fdch reprezentantov. Pie\u0161\u0165ansk\u00fd klub r\u00fdchlostnej kanoistiky spolu s vesl\u00e1rskym klubom s\u00eddlia v are\u00e1li Lodenice.<\/p>\n<\/div>\n<div class=\"col-md-5 order-md-1\"><img loading=\"lazy\" decoding=\"async\" class=\"alignnone size-full wp-image-1262\" src=\"https:\/\/rezortpiestany.sk\/wp-content\/uploads\/2020\/01\/rp-kanoistika-a-veslovanie-piestansky-klub.jpg\" alt=\"\" width=\"500\" height=\"350\" \/><\/div>\n<\/div>\n<p>&nbsp;<\/p>\n<hr class=\"featurette-divider\" \/>\n<p>&nbsp;<\/p>\n<div class=\"row featurette\">\n<div class=\"col-md-7\">\n<h1 class=\"featurette-heading\">Vodn\u00e9 \u0161porty.<\/h1>\n<p class=\"lead\">Vodn\u00e1 n\u00e1dr\u017e S\u013a\u0148ava pon\u00faka \u0161irok\u00fd priestor pre vodn\u00e9 ly\u017eovanie, wakeboarding a taktie\u017e wakeskate. Vodnoly\u017eiarsky vlek &#8211; are\u00e1l Wake Soul je na \u013eavej v\u00fdchodnej\u0161ej strane n\u00e1dr\u017ee Ratnovskej z\u00e1toky pr\u00edstupn\u00fd z obce Ratnovce.<\/p>\n<\/div>\n<div class=\"col-md-5\"><img loading=\"lazy\" decoding=\"async\" class=\"alignnone size-full wp-image-1265\" src=\"https:\/\/rezortpiestany.sk\/wp-content\/uploads\/2020\/01\/rp-vodne-sporty-1.jpg\" alt=\"\" width=\"500\" height=\"350\" \/><\/div>\n<\/div>\n<p>&nbsp;<\/p>\n<hr class=\"featurette-divider\" \/>\n<p>&nbsp;<\/p>\n<div class=\"row featurette\">\n<div class=\"col-md-7 order-md-2\">\n<h1 class=\"featurette-heading\">Fitness &amp; kulturistika.<\/h1>\n<p class=\"lead\">V Pie\u0161\u0165anoch sa nach\u00e1dza ve\u013ek\u00e9 mno\u017estvo kvalitn\u00fdch posil\u0148ovn\u00ed, ktor\u00e9 s\u00fa s\u00fa\u010das\u0165ou wellnes priestorov ale aj samostatn\u00fdch priestorov s odborne vy\u0161kolen\u00fdm person\u00e1lom.<\/p>\n<\/div>\n<div class=\"col-md-5 order-md-1\"><img loading=\"lazy\" decoding=\"async\" class=\"alignnone size-full wp-image-1260\" src=\"https:\/\/rezortpiestany.sk\/wp-content\/uploads\/2020\/01\/rp-fitness-kulturistika.jpg\" alt=\"\" width=\"500\" height=\"350\" \/><\/div>\n<\/div>\n<p>&nbsp;<\/p>\n<hr class=\"featurette-divider\" \/>\n<p>&nbsp;<\/p>\n<div class=\"row featurette\">\n<div class=\"col-md-7\">\n<h1 class=\"featurette-heading\">Beh.<\/h1>\n<p class=\"lead\">Ak beh\u00e1te sami, alebo t\u00fato aktivitu m\u00e1te rad\u0161ej spojen\u00fa so stret\u00e1van\u00edm nov\u00fdch \u013eud\u00ed, je tu be\u017eeck\u00e1 komunita WeRunPiestany. Spoznan\u00edm nov\u00fdch \u013eud\u00ed, z\u00edskate motiv\u00e1ciu a nov\u00e9 be\u017eeck\u00e9 z\u00e1\u017eitky spolu so skvelou partiou \u013eud\u00ed.<\/p>\n<\/div>\n<div class=\"col-md-5\"><img loading=\"lazy\" decoding=\"async\" class=\"alignnone size-full wp-image-1269\" src=\"https:\/\/rezortpiestany.sk\/wp-content\/uploads\/2020\/01\/rp-beh.jpg\" alt=\"\" width=\"500\" height=\"350\" \/><\/div>\n<\/div>\n<p>&nbsp;<\/p>\n<hr class=\"featurette-divider\" \/>\n<p>&nbsp;<\/p>\n<div class=\"row featurette\">\n<div class=\"col-md-7 order-md-2\">\n<h1 class=\"featurette-heading\">Loptov\u00e9 hry.<\/h1>\n<p class=\"lead\">V letnom obdob\u00ed v centre, ale aj okol\u00ed Pie\u0161\u0165an n\u00e1jdete ide\u00e1lne podmienky pre loptov\u00e9 hry vr\u00e1tane tenisu a golfu.<\/p>\n<\/div>\n<div class=\"col-md-5 order-md-1\"><img loading=\"lazy\" decoding=\"async\" class=\"alignnone size-full wp-image-1258\" src=\"https:\/\/rezortpiestany.sk\/wp-content\/uploads\/2020\/01\/rp-loptove-hry.jpg\" alt=\"\" width=\"500\" height=\"350\" \/><\/div>\n<\/div>\n<p>&nbsp;<\/p>\n<hr class=\"featurette-divider\" \/>\n<p>&nbsp;<\/p>\n<div class=\"row featurette\">\n<div class=\"col-md-7\">\n<h1 class=\"featurette-heading\">Pl\u00e1vanie.<\/h1>\n<p class=\"lead\">Plaveck\u00e9 priestory s kryt\u00fdm baz\u00e9nom, plaveck\u00fdm baz\u00e9nom pr\u00edpadne saunou. V pr\u00edpade kolekt\u00edvnych \u0161portov vodn\u00e9 p\u00f3lo patr\u00ed v Pie\u0161\u0165anoch k najstar\u0161\u00edm \u0161portom, ktor\u00e9mu sa venuj\u00fa chlapci, mu\u017ei ale aj diev\u010dat\u00e1 a \u017eeny akt\u00edvne \u00faspe\u0161n\u00e9 ako viacn\u00e1sobn\u00e9 majsterky Slovenska.<\/p>\n<\/div>\n<div class=\"col-md-5\"><img loading=\"lazy\" decoding=\"async\" class=\"alignnone size-full wp-image-1267\" src=\"https:\/\/rezortpiestany.sk\/wp-content\/uploads\/2020\/01\/rp-plavanie.jpg\" alt=\"\" width=\"500\" height=\"350\" \/><\/div>\n<\/div>\n<p>&nbsp;<\/p>\n<hr class=\"featurette-divider\" \/>\n<p>&nbsp;<\/p>\n<div class=\"row featurette\">\n<div class=\"col-md-7 order-md-2\">\n<h1 class=\"featurette-heading\">Jazda na koni.<\/h1>\n<p class=\"lead\">I ke\u010f plemeno Paso Fino Colombiano je temperamentn\u00e9 je pohodln\u00e9 na jazdu pre v\u0161etky vekov\u00e9 kateg\u00f3rie. Je to jedin\u00e9 plemeno na Slovensku o ktor\u00fdch mo\u017enostiach jazdenia a vych\u00e1dzok sa m\u00f4\u017eete informova\u0165 na mieste ale aj telefonicky.<\/p>\n<\/div>\n<div class=\"col-md-5 order-md-1\"><img loading=\"lazy\" decoding=\"async\" class=\"alignnone size-full wp-image-1273\" src=\"https:\/\/rezortpiestany.sk\/wp-content\/uploads\/2020\/01\/rp-jazda-na-koni.jpg\" alt=\"\" width=\"500\" height=\"350\" \/><\/div>\n<\/div>\n<p>&nbsp;<\/p>\n<hr class=\"featurette-divider\" \/>\n<p>&nbsp;<\/p>\n","protected":false},"excerpt":{"rendered":"<p>Rafting auf dem Fluss V\u00e1h. Die Rafting-Saison auf der V\u00e1h beginnt am letzten Apriltag und dauert bis Anfang Oktober. Die Organisatoren der Rafting-Saison haben die Strecken so gestaltet, dass nicht nur Liebhaber des Adrenalinsports, sondern auch Familien mit Kindern und alle, die sich in Pie\u0161\u0165any entspannen und gleichzeitig etwas Neues erleben wollen, ihren Spa\u00df auf [&#8230;]<\/p>\n<p><a class=\"btn btn-secondary understrap-read-more-link\" href=\"https:\/\/rezortpiestany.sk\/de\/co-robit\/\">Read More&#8230;<\/a><\/p>\n","protected":false},"author":5,"featured_media":0,"parent":0,"menu_order":0,"comment_status":"closed","ping_status":"closed","template":"page-templates\/homepage-page.php","meta":{"footnotes":""},"class_list":["post-32157","page","type-page","status-publish","hentry"],"_links":{"self":[{"href":"https:\/\/rezortpiestany.sk\/de\/wp-json\/wp\/v2\/pages\/32157","targetHints":{"allow":["GET"]}}],"collection":[{"href":"https:\/\/rezortpiestany.sk\/de\/wp-json\/wp\/v2\/pages"}],"about":[{"href":"https:\/\/rezortpiestany.sk\/de\/wp-json\/wp\/v2\/types\/page"}],"author":[{"embeddable":true,"href":"https:\/\/rezortpiestany.sk\/de\/wp-json\/wp\/v2\/users\/5"}],"replies":[{"embeddable":true,"href":"https:\/\/rezortpiestany.sk\/de\/wp-json\/wp\/v2\/comments?post=32157"}],"version-history":[{"count":2,"href":"https:\/\/rezortpiestany.sk\/de\/wp-json\/wp\/v2\/pages\/32157\/revisions"}],"predecessor-version":[{"id":32159,"href":"https:\/\/rezortpiestany.sk\/de\/wp-json\/wp\/v2\/pages\/32157\/revisions\/32159"}],"wp:attachment":[{"href":"https:\/\/rezortpiestany.sk\/de\/wp-json\/wp\/v2\/media?parent=32157"}],"curies":[{"name":"wp","href":"https:\/\/api.w.org\/{rel}","templated":true}]}}