{"id":32149,"date":"2022-05-11T10:35:05","date_gmt":"2022-05-11T10:35:05","guid":{"rendered":"https:\/\/rezortpiestany.sk\/?page_id=32149"},"modified":"2022-10-11T11:55:21","modified_gmt":"2022-10-11T11:55:21","slug":"co-robit","status":"publish","type":"page","link":"https:\/\/rezortpiestany.sk\/en\/co-robit\/","title":{"rendered":"What to do"},"content":{"rendered":"<div class=\"row featurette\">\n<div class=\"col-md-7 order-md-2\">\n<h1 class=\"featurette-heading\">Adventure ride<span class=\"text-muted\"> for children.<\/span><\/h1>\n<p class=\"lead\">Ride to save the manor house in Moravany. Let children have an experience ride on the most beautiful children&#8217;s circuit in Slovakia and at the same time support a good cause.<\/p>\n<p><a class=\"btn btn-primary\" href=\"https:\/\/rezortpiestany.sk\/letna-odmena\/\">More information about adventure ride<\/a><\/p>\n<\/div>\n<div class=\"col-md-5 order-md-1\"><img loading=\"lazy\" decoding=\"async\" class=\"alignnone size-full wp-image-1242\" src=\"https:\/\/rezortpiestany.sk\/wp-content\/uploads\/2022\/08\/moravany.jpg\" alt=\"\" width=\"500\" height=\"350\" \/><\/div>\n<\/div>\n<p>&nbsp;<\/p>\n<hr class=\"featurette-divider\" \/>\n<div class=\"row featurette\">\n<div class=\"col-md-7\">\n<h1 class=\"featurette-heading\">Guided<span class=\"text-muted\"> tours.<\/span><\/h1>\n<p class=\"lead\">Do you feel like you have already been to Pie\u0161\u0165any and seen the best of it? There isn\u2019t anything more to surprise you in the famous spa town? The opposite is true. The guided tour of the city will show you what other treasures Pie\u0161\u0165any hides.<\/p>\n<p><a class=\"btn btn-primary\" href=\"https:\/\/rezortpiestany.sk\/komentovane-prehliadky\/\">More information about guided tours<\/a><\/p>\n<\/div>\n<div class=\"col-md-5 order-md-1\">\n<p><img loading=\"lazy\" decoding=\"async\" class=\"alignnone size-full wp-image-860\" src=\"https:\/\/rezortpiestany.sk\/wp-content\/uploads\/2022\/05\/dreamstimemaximum_184525555-1.jpg\" width=\"500\" height=\"350\" \/><\/p>\n<\/div>\n<\/div>\n<p>&nbsp;<\/p>\n<hr class=\"featurette-divider\" \/>\n<div class=\"row featurette\">\n<div class=\"col-md-7 order-md-2\">\n<h1 class=\"featurette-heading\">Rafting<span class=\"text-muted\"> on the river V\u00e1h.<\/span><\/h1>\n<p class=\"lead\">The V\u00e1h rafting season runs from the final day of April to the first week of October. The rafting trip organizers have created routes for not just water adrenaline enthusiasts, but also families with children and all those who want to relax in Pie\u0161tany while still having fun on the water and experience something new.<\/p>\n<p><a class=\"btn btn-primary\" href=\"https:\/\/rezortpiestany.sk\/splavovanie-vahu\/\">More information about rafting<\/a><\/p>\n<\/div>\n<div class=\"col-md-5 order-md-1\"><img loading=\"lazy\" decoding=\"async\" class=\"alignnone size-full wp-image-1242\" src=\"https:\/\/rezortpiestany.sk\/wp-content\/uploads\/2022\/03\/IMG_2442.jpeg\" alt=\"\" width=\"500\" height=\"350\" \/><\/div>\n<\/div>\n<p>&nbsp;<\/p>\n<hr class=\"featurette-divider\" \/>\n<div class=\"row featurette\">\n<div class=\"col-md-7\">\n<h1 class=\"featurette-heading\">Wellness <span class=\"text-muted\">bath.<\/span><\/h1>\n<p class=\"lead\">Pie\u0161\u0165any Spa is known for its mineral water, which is part of the wellness procedure not only for balneotherapy but also for the pool spa known as Bahnisko &amp; Zrkadlisko.<\/p>\n<div><\/div>\n<\/div>\n<div class=\"col-md-5\"><img loading=\"lazy\" decoding=\"async\" class=\"alignnone size-full wp-image-1240\" src=\"https:\/\/rezortpiestany.sk\/wp-content\/uploads\/2020\/01\/rp-wellness-kupel.jpg\" alt=\"\" width=\"500\" height=\"350\" \/><\/div>\n<\/div>\n<p>&nbsp;<\/p>\n<hr class=\"featurette-divider\" \/>\n<p>&nbsp;<\/p>\n<div class=\"row featurette\">\n<div class=\"col-md-7 order-md-2\">\n<h1 class=\"featurette-heading\">Mud\u00a0<span class=\"text-muted\">wraps.<\/span><\/h1>\n<p class=\"lead\">They are part of the spa procedure called Bahnisko, but also as a separate procedure &#8211; mud wrap, or a unique procedure called &#8220;parafango of Pie\u0161\u0165any&#8221;.<\/p>\n<\/div>\n<div class=\"col-md-5 order-md-1\"><img loading=\"lazy\" decoding=\"async\" class=\"alignnone size-full wp-image-1242\" src=\"https:\/\/rezortpiestany.sk\/wp-content\/uploads\/2020\/01\/rp-bahenne-zabaly.jpg\" alt=\"\" width=\"500\" height=\"350\" \/><\/div>\n<\/div>\n<p>&nbsp;<\/p>\n<hr class=\"featurette-divider\" \/>\n<p>&nbsp;<\/p>\n<div class=\"row featurette\">\n<div class=\"col-md-7\">\n<h1 class=\"featurette-heading\">Wellness <span class=\"text-muted\">massage.<\/span><\/h1>\n<p class=\"lead\">A part of massage, it is possible to undergo a classic, underwater, but also clarins full-body massage procedure.<\/p>\n<\/div>\n<div class=\"col-md-5\"><img loading=\"lazy\" decoding=\"async\" class=\"alignnone size-full wp-image-1243\" src=\"https:\/\/rezortpiestany.sk\/wp-content\/uploads\/2020\/01\/rp-wellness-masaz.jpg\" alt=\"\" width=\"500\" height=\"350\" \/><\/div>\n<\/div>\n<p>&nbsp;<\/p>\n<hr class=\"featurette-divider\" \/>\n<p>&nbsp;<\/p>\n<div class=\"row featurette\">\n<div class=\"col-md-7 order-md-2\">\n<h1 class=\"featurette-heading\">Sauna <span class=\"text-muted\">procedure.<\/span><\/h1>\n<p class=\"lead\">The vast majority of hotel facilities have a sauna complex from common saunas such as dry, infrared or steam.<\/p>\n<\/div>\n<div class=\"col-md-5 order-md-1\"><img loading=\"lazy\" decoding=\"async\" class=\"alignnone size-full wp-image-1245\" src=\"https:\/\/rezortpiestany.sk\/wp-content\/uploads\/2020\/01\/rp-sauna-procedura.jpg\" alt=\"\" width=\"500\" height=\"350\" \/><\/div>\n<\/div>\n<p>&nbsp;<\/p>\n<hr class=\"featurette-divider\" \/>\n<p>&nbsp;<\/p>\n<div class=\"row featurette\">\n<div class=\"col-md-7\">\n<h1 class=\"featurette-heading\">Nordic<span class=\"text-muted\"> walking.<\/span><\/h1>\n<p class=\"lead\">A type of recreational walking also known as Nordic walking, which has become an ideal form of physical training. With the help of special sticks, efficiency has increased compared to normal walking. In the area of the Spa Island near the N\u00e1bre\u017eie Jusztus J\u00e1nos Torkos, there is a specially adapted rehabilitation path for this type of walk. The sidewalk is extended by wooden training parts designed for patients with lower limb mobility disorders for walking training.<\/p>\n<\/div>\n<div class=\"col-md-5\"><img loading=\"lazy\" decoding=\"async\" class=\"alignnone size-full wp-image-1246\" src=\"https:\/\/rezortpiestany.sk\/wp-content\/uploads\/2020\/01\/rp-kondicna-chodza-nordic-walking.jpg\" alt=\"\" width=\"500\" height=\"350\" \/><\/div>\n<\/div>\n<p>&nbsp;<\/p>\n<hr class=\"featurette-divider\" \/>\n<p>&nbsp;<\/p>\n<div class=\"row featurette\">\n<div class=\"col-md-7 order-md-2\">\n<h1 class=\"featurette-heading\">Fitness <span class=\"text-muted\">exercise.<\/span><\/h1>\n<p class=\"lead\">Not only in the spa area, but also in the wider center of Pie\u0161\u0165any, you will find an unlimited number of fitness centers, which in an innovative way offer, under the guidance of qualified trainers, exercise programs tailored to your needs.<\/p>\n<\/div>\n<div class=\"col-md-5 order-md-1\"><img loading=\"lazy\" decoding=\"async\" class=\"alignnone size-full wp-image-1248\" src=\"https:\/\/rezortpiestany.sk\/wp-content\/uploads\/2020\/01\/rp-fitness-cvicenie.jpg\" alt=\"\" width=\"500\" height=\"350\" \/><\/div>\n<\/div>\n<p>&nbsp;<\/p>\n<hr class=\"featurette-divider\" \/>\n<p>&nbsp;<\/p>\n<div class=\"row featurette\">\n<div class=\"col-md-7\">\n<h1 class=\"featurette-heading\">Cycling around\u00a0<span class=\"text-muted\">S\u013a\u0148ava and its surroundings.<\/span><\/h1>\n<p class=\"lead\">Pie\u0161\u0165any is located on the cycle path called V\u00e1\u017esk\u00e1 cyklomagistr\u00e1la. Not only in the spa town, but also in its vicinity, there are unlimited cycling opportunities for everyone. Easier routes such as the circuit around S\u013a\u0148ava can be done by families with children, more demanding cyclists can go to the surrounding countryside. Lovers of adrenaline rides will enjoy the hill above Pie\u0161\u0165any called Ahoj, where a bike park with tracks of varying difficulty is situated.<\/p>\n<p class=\"lead\">For trips around Pie\u0161\u0165any, it is available for cyclists to rent a bike in the newly opened rental shop, which is run by the Regional Tourism Organization Rezort Pie\u0161\u0165any.<\/p>\n<p><a class=\"btn btn-primary\" href=\"https:\/\/rezortpiestany.sk\/tlacove-spravy\/pozicovna-bicyklov\/\">More information about bike rental shop<\/a><\/p>\n<\/div>\n<div class=\"col-md-5\"><img loading=\"lazy\" decoding=\"async\" class=\"alignnone size-full wp-image-1250\" src=\"https:\/\/rezortpiestany.sk\/wp-content\/uploads\/2021\/07\/197345105_2590398857772878_5033988576068001058_n.jpg\" alt=\"\" width=\"500\" height=\"350\" data-wp-editing=\"1\" \/><\/div>\n<\/div>\n<p>&nbsp;<\/p>\n<hr class=\"featurette-divider\" \/>\n<p>&nbsp;<\/p>\n<div class=\"row featurette\">\n<div class=\"col-md-7 order-md-2\">\n<h1 class=\"featurette-heading\">In-line skating\u00a0<span class=\"text-muted\">around S\u013a\u0148ava.<\/span><\/h1>\n<p class=\"lead\">The 3-4 meter wide asphalt recreational and educational circuit leads along the plain from the Landscape Bridge towards Lodenica, the Drahovce dam and back along the left side of the V\u00e1h bank to the bridge. You can manage this circuit on skates in about one and a half hours at a calm pace in case of no wind.<\/p>\n<\/div>\n<div class=\"col-md-5 order-md-1\"><img loading=\"lazy\" decoding=\"async\" class=\"alignnone size-full wp-image-1271\" src=\"https:\/\/rezortpiestany.sk\/wp-content\/uploads\/2020\/01\/rp-in-line-korculovanie-kolookruh-slnava.jpg\" alt=\"\" width=\"500\" height=\"350\" \/><\/div>\n<\/div>\n<p>&nbsp;<\/p>\n<hr class=\"featurette-divider\" \/>\n<p>&nbsp;<\/p>\n<div class=\"row featurette\">\n<div class=\"col-md-7\">\n<h1 class=\"featurette-heading\">Street workout <span class=\"text-muted\">park.<\/span><\/h1>\n<p class=\"lead\">Street workout park near Krajinsk\u00fd most at V\u00e1\u017esk\u00e1 street designed for functional training in the open air. The design and usability of the workout, designed by people who are actively engaged in it, can be visited non-stop even in the evening, where the space is artificially lit. Admission is free.<\/p>\n<\/div>\n<div class=\"col-md-5\"><img loading=\"lazy\" decoding=\"async\" class=\"alignnone size-full wp-image-1254\" src=\"https:\/\/rezortpiestany.sk\/wp-content\/uploads\/2020\/01\/rp-street-workout-ihrisko.jpg\" alt=\"\" width=\"500\" height=\"350\" \/><\/div>\n<\/div>\n<p>&nbsp;<\/p>\n<hr class=\"featurette-divider\" \/>\n<p>&nbsp;<\/p>\n<div class=\"row featurette\">\n<div class=\"col-md-7 order-md-2\">\n<h1 class=\"featurette-heading\">Grass skiing<span class=\"text-muted\"> in the Banka Village.<\/span><\/h1>\n<p class=\"lead\">The town of Pie\u0161\u0165any is the first town in Slovakia where this kind of sport has appeared and persists up to this day.<\/p>\n<\/div>\n<div class=\"col-md-5 order-md-1\"><img loading=\"lazy\" decoding=\"async\" class=\"alignnone size-full wp-image-1255\" src=\"https:\/\/rezortpiestany.sk\/wp-content\/uploads\/2020\/01\/rp-lyzovanie-na-trave-v-obci-banka.jpg\" alt=\"\" width=\"500\" height=\"350\" \/><\/div>\n<\/div>\n<p>&nbsp;<\/p>\n<hr class=\"featurette-divider\" \/>\n<p>&nbsp;<\/p>\n<div class=\"row featurette\">\n<div class=\"col-md-7\">\n<h1 class=\"featurette-heading\">Skiing and snowboarding.<\/h1>\n<p class=\"lead\">In the Pie\u0161\u0165any region, there are opportunities for winter sports in the immediate proximity of three ski resorts with snowmaking, such as Ski Bezovec, Skipark K\u00e1lnica and Skiland Star\u00e1 Myjava, and two ski resorts without snowmaking, Ve\u013ek\u00e1 Javorina and Ski Banka Ahoj.<\/p>\n<\/div>\n<div class=\"col-md-5\"><img loading=\"lazy\" decoding=\"async\" class=\"alignnone size-full wp-image-1256\" src=\"https:\/\/rezortpiestany.sk\/wp-content\/uploads\/2020\/01\/rp-lyzovanie-a-snowboarding.jpg\" alt=\"\" width=\"500\" height=\"350\" \/><\/div>\n<\/div>\n<p>&nbsp;<\/p>\n<hr class=\"featurette-divider\" \/>\n<p>&nbsp;<\/p>\n<div class=\"row featurette\">\n<div class=\"col-md-7 order-md-2\">\n<h1 class=\"featurette-heading\">Canoeing and rowing<span class=\"text-muted\"> Club Pie\u0161\u0165any.<\/span><\/h1>\n<p class=\"lead\">Both of these sports have a long tradition and have brought up a number of Slovak representatives. The Pie\u0161\u0165any Speed Canoeing Club together with the rowing club are located in the Lodenica complex.<\/p>\n<\/div>\n<div class=\"col-md-5 order-md-1\"><img loading=\"lazy\" decoding=\"async\" class=\"alignnone size-full wp-image-1262\" src=\"https:\/\/rezortpiestany.sk\/wp-content\/uploads\/2020\/01\/rp-kanoistika-a-veslovanie-piestansky-klub.jpg\" alt=\"\" width=\"500\" height=\"350\" \/><\/div>\n<\/div>\n<p>&nbsp;<\/p>\n<hr class=\"featurette-divider\" \/>\n<p>&nbsp;<\/p>\n<div class=\"row featurette\">\n<div class=\"col-md-7\">\n<h1 class=\"featurette-heading\">Water sports.<\/h1>\n<p class=\"lead\">S\u013a\u0148ava offers a wide area for water skiing, wakeboarding and also wakeskate. Water-ski lift &#8211; Wake Soul complex is accessible from the village of Ratnovce on the left eastern side of the Bay of Ratnovce.<\/p>\n<\/div>\n<div class=\"col-md-5\"><img loading=\"lazy\" decoding=\"async\" class=\"alignnone size-full wp-image-1265\" src=\"https:\/\/rezortpiestany.sk\/wp-content\/uploads\/2020\/01\/rp-vodne-sporty-1.jpg\" alt=\"\" width=\"500\" height=\"350\" \/><\/div>\n<\/div>\n<p>&nbsp;<\/p>\n<hr class=\"featurette-divider\" \/>\n<p>&nbsp;<\/p>\n<div class=\"row featurette\">\n<div class=\"col-md-7 order-md-2\">\n<h1 class=\"featurette-heading\">Fitness &amp; bodybuilding.<\/h1>\n<p class=\"lead\">In Pie\u0161\u0165any there is a large number of quality gyms, which are either part of the wellness areas or separate areas with professionally trained staff.<\/p>\n<\/div>\n<div class=\"col-md-5 order-md-1\"><img loading=\"lazy\" decoding=\"async\" class=\"alignnone size-full wp-image-1260\" src=\"https:\/\/rezortpiestany.sk\/wp-content\/uploads\/2020\/01\/rp-fitness-kulturistika.jpg\" alt=\"\" width=\"500\" height=\"350\" \/><\/div>\n<\/div>\n<p>&nbsp;<\/p>\n<hr class=\"featurette-divider\" \/>\n<p>&nbsp;<\/p>\n<div class=\"row featurette\">\n<div class=\"col-md-7\">\n<h1 class=\"featurette-heading\">Running.<\/h1>\n<p class=\"lead\">If you prefer running alone, or you go running in order to meet new people, WeRunPie\u0161\u0165any running community is here for you. By meeting new people, you will gain motivation and new running experiences along with a great bunch of people.<\/p>\n<\/div>\n<div class=\"col-md-5\"><img loading=\"lazy\" decoding=\"async\" class=\"alignnone size-full wp-image-1269\" src=\"https:\/\/rezortpiestany.sk\/wp-content\/uploads\/2020\/01\/rp-beh.jpg\" alt=\"\" width=\"500\" height=\"350\" \/><\/div>\n<\/div>\n<p>&nbsp;<\/p>\n<hr class=\"featurette-divider\" \/>\n<p>&nbsp;<\/p>\n<div class=\"row featurette\">\n<div class=\"col-md-7 order-md-2\">\n<h1 class=\"featurette-heading\">Ball games.<\/h1>\n<p class=\"lead\">Summer time, in the center, of Pie\u0161\u0165any and its surrounding has perfect conditions for ball games, including tennis and golf.<\/p>\n<\/div>\n<div class=\"col-md-5 order-md-1\"><img loading=\"lazy\" decoding=\"async\" class=\"alignnone size-full wp-image-1258\" src=\"https:\/\/rezortpiestany.sk\/wp-content\/uploads\/2020\/01\/rp-loptove-hry.jpg\" alt=\"\" width=\"500\" height=\"350\" \/><\/div>\n<\/div>\n<p>&nbsp;<\/p>\n<hr class=\"featurette-divider\" \/>\n<p>&nbsp;<\/p>\n<div class=\"row featurette\">\n<div class=\"col-md-7\">\n<h1 class=\"featurette-heading\">Swimming.<\/h1>\n<p class=\"lead\">Swimming ares with indoor pool or sauna. When speaking about collective sports, water polo is one of the oldest sports in Pie\u0161\u0165any, which is practiced by boys, men as well as girls and women who are actively successful champions of Slovakia.<\/p>\n<\/div>\n<div class=\"col-md-5\"><img loading=\"lazy\" decoding=\"async\" class=\"alignnone size-full wp-image-1267\" src=\"https:\/\/rezortpiestany.sk\/wp-content\/uploads\/2020\/01\/rp-plavanie.jpg\" alt=\"\" width=\"500\" height=\"350\" \/><\/div>\n<\/div>\n<p>&nbsp;<\/p>\n<hr class=\"featurette-divider\" \/>\n<p>&nbsp;<\/p>\n<div class=\"row featurette\">\n<div class=\"col-md-7 order-md-2\">\n<h1 class=\"featurette-heading\">Horse riding.<\/h1>\n<p class=\"lead\">Despite the fact that Paso Fino Colombiano breed is quite spirited, it is safe either for adults or children. It is the only breed in Slovakia, so you can inform yourself about the possibilities of riding by phone.<\/p>\n<\/div>\n<div class=\"col-md-5 order-md-1\"><img loading=\"lazy\" decoding=\"async\" class=\"alignnone size-full wp-image-1273\" src=\"https:\/\/rezortpiestany.sk\/wp-content\/uploads\/2020\/01\/rp-jazda-na-koni.jpg\" alt=\"\" width=\"500\" height=\"350\" \/><\/div>\n<\/div>\n<p>&nbsp;<\/p>\n<hr class=\"featurette-divider\" \/>\n<p>&nbsp;<\/p>\n","protected":false},"excerpt":{"rendered":"<p>Adventure ride for children. Ride to save the manor house in Moravany. Let children have an experience ride on the most beautiful children&#8217;s circuit in Slovakia and at the same time support a good cause. More information about adventure ride &nbsp; Guided tours. Do you feel like you have already been to Pie\u0161\u0165any and seen [&#8230;]<\/p>\n<p><a class=\"btn btn-secondary understrap-read-more-link\" href=\"https:\/\/rezortpiestany.sk\/en\/co-robit\/\">Read More&#8230;<\/a><\/p>\n","protected":false},"author":5,"featured_media":0,"parent":0,"menu_order":0,"comment_status":"closed","ping_status":"closed","template":"page-templates\/homepage-page.php","meta":{"footnotes":""},"class_list":["post-32149","page","type-page","status-publish","hentry"],"_links":{"self":[{"href":"https:\/\/rezortpiestany.sk\/en\/wp-json\/wp\/v2\/pages\/32149","targetHints":{"allow":["GET"]}}],"collection":[{"href":"https:\/\/rezortpiestany.sk\/en\/wp-json\/wp\/v2\/pages"}],"about":[{"href":"https:\/\/rezortpiestany.sk\/en\/wp-json\/wp\/v2\/types\/page"}],"author":[{"embeddable":true,"href":"https:\/\/rezortpiestany.sk\/en\/wp-json\/wp\/v2\/users\/5"}],"replies":[{"embeddable":true,"href":"https:\/\/rezortpiestany.sk\/en\/wp-json\/wp\/v2\/comments?post=32149"}],"version-history":[{"count":38,"href":"https:\/\/rezortpiestany.sk\/en\/wp-json\/wp\/v2\/pages\/32149\/revisions"}],"predecessor-version":[{"id":33225,"href":"https:\/\/rezortpiestany.sk\/en\/wp-json\/wp\/v2\/pages\/32149\/revisions\/33225"}],"wp:attachment":[{"href":"https:\/\/rezortpiestany.sk\/en\/wp-json\/wp\/v2\/media?parent=32149"}],"curies":[{"name":"wp","href":"https:\/\/api.w.org\/{rel}","templated":true}]}}