{"id":32166,"date":"2022-05-20T09:07:00","date_gmt":"2022-05-20T09:07:00","guid":{"rendered":"https:\/\/rezortpiestany.sk\/?page_id=32166"},"modified":"2023-01-31T08:43:12","modified_gmt":"2023-01-31T08:43:12","slug":"home","status":"publish","type":"page","link":"https:\/\/rezortpiestany.sk\/en\/","title":{"rendered":"Home"},"content":{"rendered":"<div class=\"row\">\n<div id=\"custom_html-34\" class=\"widget_text footer-widget widget_custom_html widget-count-3 col-md-4\">\n<div class=\"textwidget custom-html-widget\">\n<div class=\"card mb-4 shadow-sm\">\n<p><img loading=\"lazy\" decoding=\"async\" class=\"alignnone size-full wp-image-29215\" src=\"https:\/\/rezortpiestany.sk\/wp-content\/uploads\/2021\/03\/sakura.jpg\" alt=\"\" width=\"696\" height=\"288\" \/><\/p>\n<div class=\"card-body\">\n<h3 class=\"widget-title\">News<\/h3>\n<p class=\"card-text\">The latest information about what is happening in the Pie\u0161\u0165any region.<\/p>\n<div class=\"d-flex justify-content-between align-items-center\"><\/div>\n<div class=\"btn-group\"><a class=\"btn btn-primary\" href=\"https:\/\/rezortpiestany.sk\/aktuality\/\">Dozvedie\u0165 sa viac<br \/>\n<\/a><\/div>\n<\/div>\n<\/div>\n<\/div>\n<\/div>\n<p><!-- .static-hero-widget --><\/p>\n<div id=\"custom_html-35\" class=\"widget_text footer-widget widget_custom_html widget-count-3 col-md-4\">\n<div class=\"textwidget custom-html-widget\">\n<div class=\"card mb-4 shadow-sm\">\n<p><img loading=\"lazy\" decoding=\"async\" class=\"alignnone size-full wp-image-1646\" src=\"https:\/\/rezortpiestany.sk\/wp-content\/uploads\/2020\/01\/homepage-form-01.jpg\" alt=\"\" width=\"696\" height=\"288\" \/><\/p>\n<div class=\"card-body\">\n<h3 class=\"widget-title\">Events<\/h3>\n<p class=\"card-text\">Current events in the Pie\u0161\u0165any region and its surroundings.<\/p>\n<div class=\"d-flex justify-content-between align-items-center\">\n<div class=\"btn-group\"><a class=\"btn btn-primary\" href=\"https:\/\/kalendar.rezortpiestany.sk\">Pozrie\u0165 podujatia<br \/>\n<\/a><\/div>\n<\/div>\n<\/div>\n<\/div>\n<\/div>\n<\/div>\n<p><!-- .static-hero-widget --><\/p>\n<div id=\"custom_html-36\" class=\"widget_text footer-widget widget_custom_html widget-count-3 col-md-4\">\n<div class=\"textwidget custom-html-widget\">\n<div class=\"card mb-4 shadow-sm\">\n<p><img loading=\"lazy\" decoding=\"async\" class=\"alignnone size-full wp-image-1644\" src=\"https:\/\/rezortpiestany.sk\/wp-content\/uploads\/2020\/01\/homepage-form-00.jpg\" alt=\"\" width=\"696\" height=\"288\" \/><\/p>\n<div class=\"card-body\">\n<h3 class=\"widget-title\">Challenges<\/h3>\n<p class=\"card-text\">Invitations to tender: Regional Card.<\/p>\n<div class=\"d-flex justify-content-between align-items-center\">\n<div class=\"btn-group\"><a class=\"btn btn-primary\" href=\"https:\/\/rezortpiestany.sk\/vyzvy\/\">Dozvedie\u0165 sa viac<br \/>\n<\/a><\/div>\n<\/div>\n<\/div>\n<\/div>\n<\/div>\n<\/div>\n<p><!-- .static-hero-widget --><\/p>\n<\/div>\n","protected":false},"excerpt":{"rendered":"<p>News The latest information about what is happening in the Pie\u0161\u0165any region. Dozvedie\u0165 sa viac Events Current events in the Pie\u0161\u0165any region and its surroundings. Pozrie\u0165 podujatia Challenges Invitations to tender: Regional Card. Dozvedie\u0165 sa viac [&#8230;]<\/p>\n<p><a class=\"btn btn-secondary understrap-read-more-link\" href=\"https:\/\/rezortpiestany.sk\/en\/\">Read More&#8230;<\/a><\/p>\n","protected":false},"author":5,"featured_media":0,"parent":0,"menu_order":0,"comment_status":"closed","ping_status":"closed","template":"page-templates\/homepage-page.php","meta":{"footnotes":""},"class_list":["post-32166","page","type-page","status-publish","hentry"],"_links":{"self":[{"href":"https:\/\/rezortpiestany.sk\/en\/wp-json\/wp\/v2\/pages\/32166","targetHints":{"allow":["GET"]}}],"collection":[{"href":"https:\/\/rezortpiestany.sk\/en\/wp-json\/wp\/v2\/pages"}],"about":[{"href":"https:\/\/rezortpiestany.sk\/en\/wp-json\/wp\/v2\/types\/page"}],"author":[{"embeddable":true,"href":"https:\/\/rezortpiestany.sk\/en\/wp-json\/wp\/v2\/users\/5"}],"replies":[{"embeddable":true,"href":"https:\/\/rezortpiestany.sk\/en\/wp-json\/wp\/v2\/comments?post=32166"}],"version-history":[{"count":5,"href":"https:\/\/rezortpiestany.sk\/en\/wp-json\/wp\/v2\/pages\/32166\/revisions"}],"predecessor-version":[{"id":33669,"href":"https:\/\/rezortpiestany.sk\/en\/wp-json\/wp\/v2\/pages\/32166\/revisions\/33669"}],"wp:attachment":[{"href":"https:\/\/rezortpiestany.sk\/en\/wp-json\/wp\/v2\/media?parent=32166"}],"curies":[{"name":"wp","href":"https:\/\/api.w.org\/{rel}","templated":true}]}}