{"id":33029,"date":"2022-08-23T12:17:01","date_gmt":"2022-08-23T12:17:01","guid":{"rendered":"https:\/\/rezortpiestany.sk\/?page_id=33029"},"modified":"2022-08-30T10:06:13","modified_gmt":"2022-08-30T10:06:13","slug":"discover-the-secrets-of-piestany-that-you-had-no-idea-about-up-to-now","status":"publish","type":"page","link":"https:\/\/rezortpiestany.sk\/en\/discover-the-secrets-of-piestany-that-you-had-no-idea-about-up-to-now\/","title":{"rendered":"Discover the secrets of Pie\u0161\u0165any that you had no idea about up to now"},"content":{"rendered":"<h1 class=\"featurette-heading\"><span style=\"color: #4a52a3;\">Discover the secrets of Pie\u0161\u0165any that you had no idea about up to now<\/span><\/h1>\n<p class=\"lead\"><strong>Do you feel like you have already been to Pie\u0161\u0165any and seen the best of it? There isn\u2019t anything more to surprise you in the famous spa town? The opposite is true. The guided tour of the city will show you what other treasures Pie\u0161\u0165any hides.<\/strong><\/p>\n<p class=\"lead\">An opportunity that can\u2019t be denied. Thanks to such an active day, you will spend not only pleasant but also useful time.<\/p>\n<p class=\"lead\">Individual tours are suitable for new visitors of Pie\u0161\u0165ny Rezort, as well as for regular vacationers. Thanks to the tours, you will create a deeper relationship with the spa town, because you will get to know it in more detail. At the same time, you will certainly get acquired with new locations, from which you will be able to choose your favorite one.<\/p>\n<p class=\"lead\">You can choose from several types of tours \u2013 whether it will be focused on the general history of Pie\u0161\u0165any, or specifically for example, the history of the local power station or the House of Arts. If you love nature, we recommend a very interesting and attractive presentation by an ornithologist. In the coming weeks, you can take these following guided tours in Pie\u0161\u0165any:<\/p>\n<p>&nbsp;<\/p>\n<hr class=\"featurette-divider\" \/>\n<p>&nbsp;<\/p>\n<div class=\"row featurette\">\n<div class=\"col-md-7 order-md-2\">\n<h2 class=\"featurette-heading\">Get to know Pie\u0161\u0165any <span class=\"text-muted\">and Spa Island<\/span><\/h2>\n<p class=\"lead\">During the guided tour of Pie\u0161\u0165any 2022, which is free for all participants, you will also visit the Spa Island. It includes a tour of the most important historical and architectural movements with an presentation as well as a professional local guide, a tasting of thermal water and real spa wafers at the Napoleonic baths or various advice and tips from locals.<\/p>\n<p><a class=\"btn btn-primary\" href=\"https:\/\/rezortpiestany.sk\/spoznajte-mesto-piestany-a-kupelny-ostrov\/\">More information about guided tour of Pie\u0161\u0165any and Spa Island<\/a><\/p>\n<\/div>\n<div class=\"col-md-5 order-md-1\"><img loading=\"lazy\" decoding=\"async\" class=\"alignnone size-full wp-image-1242\" src=\"https:\/\/rezortpiestany.sk\/wp-content\/uploads\/2022\/05\/dreamstimemaximum_184525555-1.jpg\" alt=\"\" width=\"500\" height=\"350\" \/><\/div>\n<\/div>\n<p>&nbsp;<\/p>\n<hr class=\"featurette-divider\" \/>\n<p>&nbsp;<\/p>\n<div class=\"row featurette\">\n<div class=\"col-md-7 order-md-2\">\n<h2 class=\"featurette-heading\">Visiting <span class=\"text-muted\"> the ornitologist <\/span><\/h2>\n<p class=\"lead\">Group at around 20 people may participate at unique tour and birds ringing with ornithologist in conservation area which carries name: V\u00fdsadba at S\u013a\u0148ava, Pie\u0161\u0165any. During the gripping 2 hours long presentation of ornithologist Erich Kubica. you will get to know more, e.g. which birds are nesting at S\u013a\u0148ava, which migrate through S\u013a\u0148ava and where all the local birds fly.<\/p>\n<p><a class=\"btn btn-primary\" href=\"https:\/\/rezortpiestany.sk\/komentovane-prehliadky\/na-navsteve-u-ornitologa\/\">More information about visit at ornithologist<\/a><\/p>\n<\/div>\n<div class=\"col-md-5 order-md-1\"><img loading=\"lazy\" decoding=\"async\" class=\"alignnone size-full wp-image-1242\" src=\"https:\/\/rezortpiestany.sk\/wp-content\/uploads\/2022\/05\/MP_06-05-21_184163.jpg\" alt=\"\" width=\"500\" height=\"350\" \/><\/div>\n<\/div>\n<p>&nbsp;<\/p>\n<hr class=\"featurette-divider\" \/>\n<p>&nbsp;<\/p>\n<div class=\"row featurette\">\n<div class=\"col-md-7 order-md-2\">\n<h2 class=\"featurette-heading\">Story of power plant<span class=\"text-muted\"> for kids and adults<\/span><\/h2>\n<p class=\"lead\">The historic Pie\u0161\u0165any power plant also has its charm. Guided tours are divided into two variants. Guided tour of the secrets of the power plant is aimed at children. The comic book and its main characters, Ela and Edo light bulbs, are aid in walking through the former municipal power plant. Younger siblings in preschool age will be entertained by a themed coloring book.<\/p>\n<p><a class=\"btn btn-primary\" href=\"https:\/\/rezortpiestany.sk\/komentovane-prehliadky\/pribeh-elektrarne-pre-malych-i-velkych\/\">More information about Story of power plant<\/a><\/p>\n<\/div>\n<div class=\"col-md-5 order-md-1\"><img loading=\"lazy\" decoding=\"async\" class=\"alignnone size-full wp-image-1242\" src=\"https:\/\/rezortpiestany.sk\/wp-content\/uploads\/2022\/05\/118993183_3603277393028680_130919941035995110_n.jpg\" alt=\"\" width=\"500\" height=\"350\" \/><\/div>\n<\/div>\n<p>&nbsp;<\/p>\n<hr class=\"featurette-divider\" \/>\n<p>&nbsp;<\/p>\n<div class=\"row featurette\">\n<div class=\"col-md-7 order-md-2\">\n<h2 class=\"featurette-heading\">Town<span class=\"text-muted\"> as a gallery<\/span><\/h2>\n<p class=\"lead\">A guided tour that you should definitely not miss in Pie\u0161\u0165any? We present you City as a gallery \u2013 the art of public space. On a tour of the narrower centre of Pie\u0161\u0165any and the spa \u2013 you will learn more from behind the scenes of the well-known event Socha pie\u0161\u0165ansk\u00fdch parkov exhibition. On selected examples of sculptures in public space, the guide will introduce you to the circumstances and changes in contemporary thinking that have influenced the work of art since the second half of the 20th century.<\/p>\n<p><a class=\"btn btn-primary\" href=\"https:\/\/rezortpiestany.sk\/komentovane-prehliadky\/mesto-ako-galeria\/\">More information about Town as a gallery<\/a><\/p>\n<\/div>\n<div class=\"col-md-5 order-md-1\"><img loading=\"lazy\" decoding=\"async\" class=\"alignnone size-full wp-image-1242\" src=\"https:\/\/rezortpiestany.sk\/wp-content\/uploads\/2022\/05\/Sochy-piestanskych-parkov-prehliadka-2-scaled.jpg\" alt=\"\" width=\"500\" height=\"350\" \/><\/div>\n<\/div>\n<p>&nbsp;<\/p>\n<hr class=\"featurette-divider\" \/>\n<p>&nbsp;<\/p>\n<div class=\"row featurette\">\n<div class=\"col-md-7 order-md-2\">\n<h2 class=\"featurette-heading\">Pie\u0161\u0165any modern art <span class=\"text-muted\"> &#8211; guided tour<\/span><\/h2>\n<p class=\"lead\">An engaging guided tour let by E. Roho\u0148ov\u00e1 and L. Ga\u017eov\u00e1 is dedicated to interwar and post-war architecture and will boost all ages with rich information.<\/p>\n<p><a class=\"btn btn-primary\" href=\"https:\/\/rezortpiestany.sk\/komentovane-prehliadky\/piestanska-moderna-komentovana-prehliadka\/\">More information about Pie\u0161\u0165any modern art<\/a><\/p>\n<\/div>\n<div class=\"col-md-5 order-md-1\"><img loading=\"lazy\" decoding=\"async\" class=\"alignnone size-full wp-image-1242\" src=\"https:\/\/rezortpiestany.sk\/wp-content\/uploads\/2022\/05\/Emil2.jpg\" alt=\"\" width=\"500\" height=\"350\" \/><\/div>\n<\/div>\n<p>&nbsp;<\/p>\n<hr class=\"featurette-divider\" \/>\n<p>&nbsp;<\/p>\n<div class=\"row featurette\">\n<div class=\"col-md-7 order-md-2\">\n<h2 class=\"featurette-heading\">House of Arts <span class=\"text-muted\"> &#8211; guided tour<\/span><\/h2>\n<p class=\"lead\">Guided tours in architectual masterpiece -House of Arts which are free of charge. Architects L\u00edvia Ga\u017eov\u00e1 and Eva Roho\u0148ov\u00e1 will accompany the participants in the areas of the brutalist building, which are otherwise not freely accessible to the public.<\/p>\n<p><a class=\"btn btn-primary\" href=\"https:\/\/rezortpiestany.sk\/komentovane-prehliadky\/dom-umenia-komentovana-prehliadka\/\">More information about House of Arts guided tour<\/a><\/p>\n<\/div>\n<div class=\"col-md-5 order-md-1\"><img loading=\"lazy\" decoding=\"async\" class=\"alignnone size-full wp-image-1242\" src=\"https:\/\/rezortpiestany.sk\/wp-content\/uploads\/2022\/05\/DU1-scaled.jpg\" alt=\"\" width=\"500\" height=\"350\" \/><\/div>\n<\/div>\n<p>&nbsp;<\/p>\n<hr class=\"featurette-divider\" \/>\n<p>&nbsp;<\/p>\n<div class=\"row featurette\">\n<div class=\"col-md-7 order-md-2\">\n<h2 class=\"featurette-heading\">Emil in the town<span class=\"text-muted\"> &#8211; guided tour for children \u00a0 \u00a0 \u00a0\u00a0<\/span><\/h2>\n<p class=\"lead\">Under the motto \u201eform follows the function \u201c, number of significant buildings were created. The best example in well-known Collonade Bridge made by Emil Belu\u0161. He is also one of the most famous Slovak architects of 20th century who will be main character of this event.<\/p>\n<p><a class=\"btn btn-primary\" href=\"https:\/\/rezortpiestany.sk\/komentovane-prehliadky\/emil-v-meste-komentovana-prehliadka-pre-deti\/\">More information about Emil in town<\/a><\/p>\n<\/div>\n<div class=\"col-md-5 order-md-1\"><img loading=\"lazy\" decoding=\"async\" class=\"alignnone size-full wp-image-1242\" src=\"https:\/\/rezortpiestany.sk\/wp-content\/uploads\/2022\/05\/Emil1-1.jpg\" alt=\"\" width=\"500\" height=\"350\" \/><\/div>\n<\/div>\n<p>&nbsp;<\/p>\n","protected":false},"excerpt":{"rendered":"<p>Discover the secrets of Pie\u0161\u0165any that you had no idea about up to now Do you feel like you have already been to Pie\u0161\u0165any and seen the best of it? There isn\u2019t anything more to surprise you in the famous spa town? The opposite is true. The guided tour of the city will show you [&#8230;]<\/p>\n<p><a class=\"btn btn-secondary understrap-read-more-link\" href=\"https:\/\/rezortpiestany.sk\/en\/discover-the-secrets-of-piestany-that-you-had-no-idea-about-up-to-now\/\">Read More&#8230;<\/a><\/p>\n","protected":false},"author":5,"featured_media":0,"parent":0,"menu_order":0,"comment_status":"closed","ping_status":"closed","template":"page-templates\/homepage-page.php","meta":{"footnotes":""},"class_list":["post-33029","page","type-page","status-publish","hentry"],"_links":{"self":[{"href":"https:\/\/rezortpiestany.sk\/en\/wp-json\/wp\/v2\/pages\/33029","targetHints":{"allow":["GET"]}}],"collection":[{"href":"https:\/\/rezortpiestany.sk\/en\/wp-json\/wp\/v2\/pages"}],"about":[{"href":"https:\/\/rezortpiestany.sk\/en\/wp-json\/wp\/v2\/types\/page"}],"author":[{"embeddable":true,"href":"https:\/\/rezortpiestany.sk\/en\/wp-json\/wp\/v2\/users\/5"}],"replies":[{"embeddable":true,"href":"https:\/\/rezortpiestany.sk\/en\/wp-json\/wp\/v2\/comments?post=33029"}],"version-history":[{"count":12,"href":"https:\/\/rezortpiestany.sk\/en\/wp-json\/wp\/v2\/pages\/33029\/revisions"}],"predecessor-version":[{"id":33069,"href":"https:\/\/rezortpiestany.sk\/en\/wp-json\/wp\/v2\/pages\/33029\/revisions\/33069"}],"wp:attachment":[{"href":"https:\/\/rezortpiestany.sk\/en\/wp-json\/wp\/v2\/media?parent=33029"}],"curies":[{"name":"wp","href":"https:\/\/api.w.org\/{rel}","templated":true}]}}