{"id":33041,"date":"2022-08-26T09:15:34","date_gmt":"2022-08-26T09:15:34","guid":{"rendered":"https:\/\/rezortpiestany.sk\/?page_id=33041"},"modified":"2022-08-26T09:15:52","modified_gmt":"2022-08-26T09:15:52","slug":"spoznajte-mesto-piestany-a-kupelny-ostrov","status":"publish","type":"page","link":"https:\/\/rezortpiestany.sk\/en\/discover-the-secrets-of-piestany-that-you-had-no-idea-about-up-to-now\/spoznajte-mesto-piestany-a-kupelny-ostrov\/","title":{"rendered":"Get to know Pie\u0161\u0165any and Spa Island"},"content":{"rendered":"<h1 class=\"featurette-heading\"><span style=\"color: #4a52a3;\">Get to know Pie\u0161\u0165any and Spa Island<\/span><\/h1>\n<p class=\"lead\">During the guided tour of Pie\u0161\u0165any 2022, which is free for all participants, you will also visit the Spa Island. The program is suitable for individual visitors as well as for organized groups of pupils, students or pensioners, up to a maximum of 45 people.<\/p>\n<p class=\"lead\">It includes a tour of the most important historical and architectural movements with an presentatoin as well as a professional local guide, a tasting of thermal water and real spa wafers at the Napoleonic baths or various advice and tips from locals.You will learn, for example, what to do after the tour, where you can go or what else you should see.<\/p>\n<p class=\"lead\">The tour begins with a meeting at the Fountain Pr\u00edbeh prame\u0148ov in the city center and continues through the City Park, Grand Hotel R\u00f3nai \/ Slovan \/ Kursalon, Pension Zelen\u00fd strom, Hotel N\u00e1ro\u017eny, Colonnade Bridge, Crutch breaker statue, Statue of \u013dudov\u00edt Winter Palace, Spa house Napoleon I.-III., Spa park, Spa house Pro Patria, thermal lakes, Swimming pool Eva and aviaries with peacocks.<\/p>\n<p>&nbsp;<\/p>\n<h3 class=\"featurette-heading\"><span style=\"color: #f06a89;\">Dates of guided tours:<\/span><\/h3>\n<ul>\n<li class=\"lead\">Sunday June 5, 2022 at 4:30 p.m.<\/li>\n<li class=\"lead\">Friday June 24, 2022 at 4:30 p.m.<\/li>\n<li class=\"lead\">Friday July 1, 2022 at 4:30 p.m.<\/li>\n<li class=\"lead\">Friday August 26, 2022 at 4:30 p.m.<\/li>\n<\/ul>\n<p>&nbsp;<\/p>\n<h3 class=\"featurette-heading\"><span style=\"color: #f06a89;\">Meeting point:<\/span><\/h3>\n<p class=\"lead\">Fountain Pr\u00edbeh prame\u0148ov, Winterova street, Pie\u0161\u0165any<\/p>\n<p class=\"lead\">GPS: 48.589413, 17.836903<\/p>\n<p>&nbsp;<\/p>\n<h3 class=\"featurette-heading\"><span style=\"color: #f06a89;\">Admission fee:<\/span><\/h3>\n<p class=\"lead\">free admission<\/p>\n<p><img loading=\"lazy\" decoding=\"async\" class=\"alignnone size-full wp-image-32198\" src=\"https:\/\/rezortpiestany.sk\/wp-content\/uploads\/2022\/05\/dreamstimemaximum_184525555-1.jpg\" alt=\"\" width=\"1500\" height=\"998\" srcset=\"https:\/\/rezortpiestany.sk\/wp-content\/uploads\/2022\/05\/dreamstimemaximum_184525555-1.jpg 1500w, https:\/\/rezortpiestany.sk\/wp-content\/uploads\/2022\/05\/dreamstimemaximum_184525555-1-768x511.jpg 768w\" sizes=\"auto, (max-width: 1500px) 100vw, 1500px\" \/><\/p>\n","protected":false},"excerpt":{"rendered":"<p>Get to know Pie\u0161\u0165any and Spa Island During the guided tour of Pie\u0161\u0165any 2022, which is free for all participants, you will also visit the Spa Island. The program is suitable for individual visitors as well as for organized groups of pupils, students or pensioners, up to a maximum of 45 people. It includes a [&#8230;]<\/p>\n<p><a class=\"btn btn-secondary understrap-read-more-link\" href=\"https:\/\/rezortpiestany.sk\/en\/discover-the-secrets-of-piestany-that-you-had-no-idea-about-up-to-now\/spoznajte-mesto-piestany-a-kupelny-ostrov\/\">Read More&#8230;<\/a><\/p>\n","protected":false},"author":5,"featured_media":0,"parent":33029,"menu_order":0,"comment_status":"closed","ping_status":"closed","template":"page-templates\/homepage-page.php","meta":{"footnotes":""},"class_list":["post-33041","page","type-page","status-publish","hentry"],"_links":{"self":[{"href":"https:\/\/rezortpiestany.sk\/en\/wp-json\/wp\/v2\/pages\/33041","targetHints":{"allow":["GET"]}}],"collection":[{"href":"https:\/\/rezortpiestany.sk\/en\/wp-json\/wp\/v2\/pages"}],"about":[{"href":"https:\/\/rezortpiestany.sk\/en\/wp-json\/wp\/v2\/types\/page"}],"author":[{"embeddable":true,"href":"https:\/\/rezortpiestany.sk\/en\/wp-json\/wp\/v2\/users\/5"}],"replies":[{"embeddable":true,"href":"https:\/\/rezortpiestany.sk\/en\/wp-json\/wp\/v2\/comments?post=33041"}],"version-history":[{"count":2,"href":"https:\/\/rezortpiestany.sk\/en\/wp-json\/wp\/v2\/pages\/33041\/revisions"}],"predecessor-version":[{"id":33043,"href":"https:\/\/rezortpiestany.sk\/en\/wp-json\/wp\/v2\/pages\/33041\/revisions\/33043"}],"up":[{"embeddable":true,"href":"https:\/\/rezortpiestany.sk\/en\/wp-json\/wp\/v2\/pages\/33029"}],"wp:attachment":[{"href":"https:\/\/rezortpiestany.sk\/en\/wp-json\/wp\/v2\/media?parent=33041"}],"curies":[{"name":"wp","href":"https:\/\/api.w.org\/{rel}","templated":true}]}}