{"id":33044,"date":"2022-08-26T10:01:18","date_gmt":"2022-08-26T10:01:18","guid":{"rendered":"https:\/\/rezortpiestany.sk\/?page_id=33044"},"modified":"2022-08-26T10:03:59","modified_gmt":"2022-08-26T10:03:59","slug":"visiting-the-ornithologist","status":"publish","type":"page","link":"https:\/\/rezortpiestany.sk\/en\/discover-the-secrets-of-piestany-that-you-had-no-idea-about-up-to-now\/visiting-the-ornithologist\/","title":{"rendered":"Visiting the ornithologist"},"content":{"rendered":"<h1 class=\"featurette-heading\"><span style=\"color: #4a52a3;\">Visiting the ornithologist<\/span><\/h1>\n<p class=\"lead\">A group of 20 people can take part in an unconventional guided tour and ringing of birds with an ornithologist in a protected area called V\u00fdsadba, in S\u013a\u0148ava, Pie\u0161\u0165any.<\/p>\n<p class=\"lead\">During the engaging two-hour lecture by ornithologist Erich Kubica, you will learn interesting things such as:<\/p>\n<ul>\n<li class=\"lead\">which birds nest in S\u013a\u0148ava,<\/li>\n<li class=\"lead\">which migrate through S\u013a\u0148ava,<\/li>\n<li class=\"lead\">how birds hatched and circled in S\u013a\u0148ava flew to other places,<\/li>\n<li class=\"lead\">why nature protection is important and how man can be a part of it,<\/li>\n<li class=\"lead\">take part in ringing and releasing birds.<\/li>\n<\/ul>\n<p><iframe loading=\"lazy\" style=\"border: none; overflow: hidden;\" src=\"https:\/\/www.facebook.com\/plugins\/video.php?height=314&amp;href=https%3A%2F%2Fwww.facebook.com%2Frezortpiestany.sk%2Fvideos%2F1970251323165823%2F&amp;show_text=false&amp;width=560&amp;t=0\" width=\"560\" height=\"314\" frameborder=\"0\" scrolling=\"no\" allowfullscreen=\"allowfullscreen\" data-mce-fragment=\"1\"><\/iframe><\/p>\n<h3 class=\"featurette-heading\"><span style=\"color: #f06a89;\">Ticket price:<\/span><\/h3>\n<ul>\n<li class=\"lead\">adults: 4 \u20ac<\/li>\n<li class=\"lead\">children 10-18 years: 3 \u20ac<\/li>\n<li class=\"lead\">children up to 10 years: for free<\/li>\n<\/ul>\n<h3 class=\"featurette-heading\"><span style=\"color: #f06a89;\">Meeting point:<\/span><\/h3>\n<p class=\"lead\">Protected bird area &#8220;V\u00fdsadba&#8221; in S\u013a\u0148ava, Pie\u0161\u0165any<\/p>\n<p class=\"lead\">GPS: 48.561696, 17.819527<\/p>\n<h3 class=\"featurette-heading\"><span style=\"color: #f06a89;\">Choose your date for the guided tour &#8220;Visiting the ornithologist&#8221;:<\/span><\/h3>\n<p class=\"lead\">It is necessary to purchase a ticket in advance by clicking on the date and completing the reservation.<\/p>\n<p><a class=\"btn btn-primary\" href=\"https:\/\/tootoot.fm\/sk\/events\/6294e67dd02c5c0dd8f3b4d9\">Saturday August 20, 2022 at 8:00 a.m.<\/a><\/p>\n<p><a class=\"btn btn-primary\" href=\"https:\/\/tootoot.fm\/sk\/events\/6294e711d02c5c0dd8f3c33c\">Saturday September 10, 2022 at 8:00 a.m.<\/a><\/p>\n<p><a class=\"btn btn-primary\" href=\"https:\/\/tootoot.fm\/sk\/events\/6294e729d02c5c0dd8f3c49a\">Saturday September 24, 2022 at 8:00 a.m.<\/a><\/p>\n<p><a class=\"btn btn-primary\" href=\"https:\/\/tootoot.fm\/sk\/events\/6294e73fd02c5c0dd8f3c611\">Saturday September 8, 2022 at 8:00 a.m.<\/a><\/p>\n<p><a class=\"btn btn-primary\" href=\"https:\/\/tootoot.fm\/sk\/events\/6294e751d02c5c0dd8f3c70a\">Saturday October, 2022 at 8:00 a.m.<\/a><\/p>\n<h3 class=\"featurette-heading\"><span style=\"color: #f06a89;\">Gallery:<\/span><\/h3>\n<div id='gallery-1' class='gallery galleryid-33044 gallery-columns-3 gallery-size-large'><figure class='gallery-item'>\n\t\t\t<div class='gallery-icon '>\n\t\t\t\t<a href='https:\/\/rezortpiestany.sk\/en\/p0m6c-2\/'><img loading=\"lazy\" decoding=\"async\" width=\"1\" height=\"1\" src=\"https:\/\/rezortpiestany.sk\/wp-content\/uploads\/2022\/05\/p0m6c-scaled.jpeg\" class=\"attachment-large size-large\" alt=\"\" \/><\/a>\n\t\t\t<\/div><\/figure><figure class='gallery-item'>\n\t\t\t<div class='gallery-icon '>\n\t\t\t\t<a href='https:\/\/rezortpiestany.sk\/en\/mp_06-05-21_184236-2\/'><img loading=\"lazy\" decoding=\"async\" width=\"1\" height=\"1\" src=\"https:\/\/rezortpiestany.sk\/wp-content\/uploads\/2022\/05\/MP_06-05-21_184236-scaled.jpg\" class=\"attachment-large size-large\" alt=\"\" \/><\/a>\n\t\t\t<\/div><\/figure><figure class='gallery-item'>\n\t\t\t<div class='gallery-icon landscape'>\n\t\t\t\t<a href='https:\/\/rezortpiestany.sk\/en\/mp_06-05-21_184234-2\/'><img loading=\"lazy\" decoding=\"async\" width=\"640\" height=\"426\" src=\"https:\/\/rezortpiestany.sk\/wp-content\/uploads\/2022\/05\/MP_06-05-21_184234.jpg\" class=\"attachment-large size-large\" alt=\"\" srcset=\"https:\/\/rezortpiestany.sk\/wp-content\/uploads\/2022\/05\/MP_06-05-21_184234.jpg 1500w, https:\/\/rezortpiestany.sk\/wp-content\/uploads\/2022\/05\/MP_06-05-21_184234-768x511.jpg 768w\" sizes=\"auto, (max-width: 640px) 100vw, 640px\" \/><\/a>\n\t\t\t<\/div><\/figure><figure class='gallery-item'>\n\t\t\t<div class='gallery-icon landscape'>\n\t\t\t\t<a href='https:\/\/rezortpiestany.sk\/en\/mp_06-05-21_184221-2\/'><img loading=\"lazy\" decoding=\"async\" width=\"640\" height=\"426\" src=\"https:\/\/rezortpiestany.sk\/wp-content\/uploads\/2022\/05\/MP_06-05-21_184221.jpg\" class=\"attachment-large size-large\" alt=\"\" srcset=\"https:\/\/rezortpiestany.sk\/wp-content\/uploads\/2022\/05\/MP_06-05-21_184221.jpg 1500w, https:\/\/rezortpiestany.sk\/wp-content\/uploads\/2022\/05\/MP_06-05-21_184221-768x511.jpg 768w\" sizes=\"auto, (max-width: 640px) 100vw, 640px\" \/><\/a>\n\t\t\t<\/div><\/figure><figure class='gallery-item'>\n\t\t\t<div class='gallery-icon landscape'>\n\t\t\t\t<a href='https:\/\/rezortpiestany.sk\/en\/mp_06-05-21_184233-2\/'><img loading=\"lazy\" decoding=\"async\" width=\"640\" height=\"426\" src=\"https:\/\/rezortpiestany.sk\/wp-content\/uploads\/2022\/05\/MP_06-05-21_184233.jpg\" class=\"attachment-large size-large\" alt=\"\" srcset=\"https:\/\/rezortpiestany.sk\/wp-content\/uploads\/2022\/05\/MP_06-05-21_184233.jpg 1500w, https:\/\/rezortpiestany.sk\/wp-content\/uploads\/2022\/05\/MP_06-05-21_184233-768x511.jpg 768w\" sizes=\"auto, (max-width: 640px) 100vw, 640px\" \/><\/a>\n\t\t\t<\/div><\/figure><figure class='gallery-item'>\n\t\t\t<div class='gallery-icon landscape'>\n\t\t\t\t<a href='https:\/\/rezortpiestany.sk\/en\/mp_06-05-21_184210-2\/'><img loading=\"lazy\" decoding=\"async\" width=\"640\" height=\"426\" src=\"https:\/\/rezortpiestany.sk\/wp-content\/uploads\/2022\/05\/MP_06-05-21_184210.jpg\" class=\"attachment-large size-large\" alt=\"\" srcset=\"https:\/\/rezortpiestany.sk\/wp-content\/uploads\/2022\/05\/MP_06-05-21_184210.jpg 1500w, https:\/\/rezortpiestany.sk\/wp-content\/uploads\/2022\/05\/MP_06-05-21_184210-768x511.jpg 768w\" sizes=\"auto, (max-width: 640px) 100vw, 640px\" \/><\/a>\n\t\t\t<\/div><\/figure><figure class='gallery-item'>\n\t\t\t<div class='gallery-icon landscape'>\n\t\t\t\t<a href='https:\/\/rezortpiestany.sk\/en\/mp_06-05-21_184205-2\/'><img loading=\"lazy\" decoding=\"async\" width=\"640\" height=\"426\" src=\"https:\/\/rezortpiestany.sk\/wp-content\/uploads\/2022\/05\/MP_06-05-21_184205.jpg\" class=\"attachment-large size-large\" alt=\"\" srcset=\"https:\/\/rezortpiestany.sk\/wp-content\/uploads\/2022\/05\/MP_06-05-21_184205.jpg 1500w, https:\/\/rezortpiestany.sk\/wp-content\/uploads\/2022\/05\/MP_06-05-21_184205-768x511.jpg 768w\" sizes=\"auto, (max-width: 640px) 100vw, 640px\" \/><\/a>\n\t\t\t<\/div><\/figure><figure class='gallery-item'>\n\t\t\t<div class='gallery-icon landscape'>\n\t\t\t\t<a href='https:\/\/rezortpiestany.sk\/en\/mp_06-05-21_184203-2\/'><img loading=\"lazy\" decoding=\"async\" width=\"640\" height=\"426\" src=\"https:\/\/rezortpiestany.sk\/wp-content\/uploads\/2022\/05\/MP_06-05-21_184203.jpg\" class=\"attachment-large size-large\" alt=\"\" srcset=\"https:\/\/rezortpiestany.sk\/wp-content\/uploads\/2022\/05\/MP_06-05-21_184203.jpg 1500w, https:\/\/rezortpiestany.sk\/wp-content\/uploads\/2022\/05\/MP_06-05-21_184203-768x511.jpg 768w\" sizes=\"auto, (max-width: 640px) 100vw, 640px\" \/><\/a>\n\t\t\t<\/div><\/figure><figure class='gallery-item'>\n\t\t\t<div class='gallery-icon landscape'>\n\t\t\t\t<a href='https:\/\/rezortpiestany.sk\/en\/mp_06-05-21_184190-2\/'><img loading=\"lazy\" decoding=\"async\" width=\"640\" height=\"426\" src=\"https:\/\/rezortpiestany.sk\/wp-content\/uploads\/2022\/05\/MP_06-05-21_184190.jpg\" class=\"attachment-large size-large\" alt=\"\" srcset=\"https:\/\/rezortpiestany.sk\/wp-content\/uploads\/2022\/05\/MP_06-05-21_184190.jpg 1500w, https:\/\/rezortpiestany.sk\/wp-content\/uploads\/2022\/05\/MP_06-05-21_184190-768x511.jpg 768w\" sizes=\"auto, (max-width: 640px) 100vw, 640px\" \/><\/a>\n\t\t\t<\/div><\/figure><figure class='gallery-item'>\n\t\t\t<div class='gallery-icon '>\n\t\t\t\t<a href='https:\/\/rezortpiestany.sk\/en\/mp_06-05-21_184186-2\/'><img loading=\"lazy\" decoding=\"async\" width=\"1\" height=\"1\" src=\"https:\/\/rezortpiestany.sk\/wp-content\/uploads\/2022\/05\/MP_06-05-21_184186-scaled.jpg\" class=\"attachment-large size-large\" alt=\"\" \/><\/a>\n\t\t\t<\/div><\/figure><figure class='gallery-item'>\n\t\t\t<div class='gallery-icon landscape'>\n\t\t\t\t<a href='https:\/\/rezortpiestany.sk\/en\/mp_06-05-21_184179-2\/'><img loading=\"lazy\" decoding=\"async\" width=\"640\" height=\"426\" src=\"https:\/\/rezortpiestany.sk\/wp-content\/uploads\/2022\/05\/MP_06-05-21_184179.jpg\" class=\"attachment-large size-large\" alt=\"\" srcset=\"https:\/\/rezortpiestany.sk\/wp-content\/uploads\/2022\/05\/MP_06-05-21_184179.jpg 1500w, https:\/\/rezortpiestany.sk\/wp-content\/uploads\/2022\/05\/MP_06-05-21_184179-768x511.jpg 768w\" sizes=\"auto, (max-width: 640px) 100vw, 640px\" \/><\/a>\n\t\t\t<\/div><\/figure><figure class='gallery-item'>\n\t\t\t<div class='gallery-icon landscape'>\n\t\t\t\t<a href='https:\/\/rezortpiestany.sk\/en\/mp_06-05-21_184173-2\/'><img loading=\"lazy\" decoding=\"async\" width=\"640\" height=\"426\" src=\"https:\/\/rezortpiestany.sk\/wp-content\/uploads\/2022\/05\/MP_06-05-21_184173.jpg\" class=\"attachment-large size-large\" alt=\"\" srcset=\"https:\/\/rezortpiestany.sk\/wp-content\/uploads\/2022\/05\/MP_06-05-21_184173.jpg 1500w, https:\/\/rezortpiestany.sk\/wp-content\/uploads\/2022\/05\/MP_06-05-21_184173-768x511.jpg 768w\" sizes=\"auto, (max-width: 640px) 100vw, 640px\" \/><\/a>\n\t\t\t<\/div><\/figure><figure class='gallery-item'>\n\t\t\t<div class='gallery-icon landscape'>\n\t\t\t\t<a href='https:\/\/rezortpiestany.sk\/en\/mp_06-05-21_184163-2\/'><img loading=\"lazy\" decoding=\"async\" width=\"640\" height=\"426\" src=\"https:\/\/rezortpiestany.sk\/wp-content\/uploads\/2022\/05\/MP_06-05-21_184163.jpg\" class=\"attachment-large size-large\" alt=\"\" srcset=\"https:\/\/rezortpiestany.sk\/wp-content\/uploads\/2022\/05\/MP_06-05-21_184163.jpg 1500w, https:\/\/rezortpiestany.sk\/wp-content\/uploads\/2022\/05\/MP_06-05-21_184163-768x511.jpg 768w\" sizes=\"auto, (max-width: 640px) 100vw, 640px\" \/><\/a>\n\t\t\t<\/div><\/figure><figure class='gallery-item'>\n\t\t\t<div class='gallery-icon landscape'>\n\t\t\t\t<a href='https:\/\/rezortpiestany.sk\/en\/mp_06-05-21_184153-2\/'><img loading=\"lazy\" decoding=\"async\" width=\"640\" height=\"426\" src=\"https:\/\/rezortpiestany.sk\/wp-content\/uploads\/2022\/05\/MP_06-05-21_184153.jpg\" class=\"attachment-large size-large\" alt=\"\" srcset=\"https:\/\/rezortpiestany.sk\/wp-content\/uploads\/2022\/05\/MP_06-05-21_184153.jpg 1500w, https:\/\/rezortpiestany.sk\/wp-content\/uploads\/2022\/05\/MP_06-05-21_184153-768x511.jpg 768w\" sizes=\"auto, (max-width: 640px) 100vw, 640px\" \/><\/a>\n\t\t\t<\/div><\/figure><figure class='gallery-item'>\n\t\t\t<div class='gallery-icon '>\n\t\t\t\t<a href='https:\/\/rezortpiestany.sk\/en\/mp_06-05-21_184141-2\/'><img loading=\"lazy\" decoding=\"async\" width=\"1\" height=\"1\" src=\"https:\/\/rezortpiestany.sk\/wp-content\/uploads\/2022\/05\/MP_06-05-21_184141-scaled.jpg\" class=\"attachment-large size-large\" alt=\"\" \/><\/a>\n\t\t\t<\/div><\/figure><figure class='gallery-item'>\n\t\t\t<div class='gallery-icon '>\n\t\t\t\t<a href='https:\/\/rezortpiestany.sk\/en\/mp_06-05-21_184138-2\/'><img loading=\"lazy\" decoding=\"async\" width=\"1\" height=\"1\" src=\"https:\/\/rezortpiestany.sk\/wp-content\/uploads\/2022\/05\/MP_06-05-21_184138-scaled.jpg\" class=\"attachment-large size-large\" alt=\"\" \/><\/a>\n\t\t\t<\/div><\/figure><figure class='gallery-item'>\n\t\t\t<div class='gallery-icon '>\n\t\t\t\t<a href='https:\/\/rezortpiestany.sk\/en\/mp_06-05-21_184137-2\/'><img loading=\"lazy\" decoding=\"async\" width=\"1\" height=\"1\" src=\"https:\/\/rezortpiestany.sk\/wp-content\/uploads\/2022\/05\/MP_06-05-21_184137-scaled.jpg\" class=\"attachment-large size-large\" alt=\"\" \/><\/a>\n\t\t\t<\/div><\/figure><figure class='gallery-item'>\n\t\t\t<div class='gallery-icon '>\n\t\t\t\t<a href='https:\/\/rezortpiestany.sk\/en\/mp_06-05-21_184133-2\/'><img loading=\"lazy\" decoding=\"async\" width=\"1\" height=\"1\" src=\"https:\/\/rezortpiestany.sk\/wp-content\/uploads\/2022\/05\/MP_06-05-21_184133-scaled.jpg\" class=\"attachment-large size-large\" alt=\"\" \/><\/a>\n\t\t\t<\/div><\/figure><figure class='gallery-item'>\n\t\t\t<div class='gallery-icon '>\n\t\t\t\t<a href='https:\/\/rezortpiestany.sk\/en\/mp_06-05-21_184132-2\/'><img loading=\"lazy\" decoding=\"async\" width=\"1\" height=\"1\" src=\"https:\/\/rezortpiestany.sk\/wp-content\/uploads\/2022\/05\/MP_06-05-21_184132-scaled.jpg\" class=\"attachment-large size-large\" alt=\"\" \/><\/a>\n\t\t\t<\/div><\/figure><figure class='gallery-item'>\n\t\t\t<div class='gallery-icon landscape'>\n\t\t\t\t<a href='https:\/\/rezortpiestany.sk\/en\/mp_06-05-21_184127-2\/'><img loading=\"lazy\" decoding=\"async\" width=\"640\" height=\"426\" src=\"https:\/\/rezortpiestany.sk\/wp-content\/uploads\/2022\/05\/MP_06-05-21_184127-scaled.jpg\" class=\"attachment-large size-large\" alt=\"\" srcset=\"https:\/\/rezortpiestany.sk\/wp-content\/uploads\/2022\/05\/MP_06-05-21_184127-scaled.jpg 2560w, https:\/\/rezortpiestany.sk\/wp-content\/uploads\/2022\/05\/MP_06-05-21_184127-768x511.jpg 768w, https:\/\/rezortpiestany.sk\/wp-content\/uploads\/2022\/05\/MP_06-05-21_184127-1536x1022.jpg 1536w\" sizes=\"auto, (max-width: 640px) 100vw, 640px\" \/><\/a>\n\t\t\t<\/div><\/figure>\n\t\t<\/div>\n\n<h3 class=\"featurette-heading\"><span style=\"color: #f06a89;\">Buy a ticket:<\/span><\/h3>\n<p><iframe id=\"toot-ifr1811b455515\" src=\"https:\/\/tootoot.fm\/buy-embedded\/?event-id=6294e17b235afd0f3c7fe023&amp;ifr-id=toot-ifr1811b455515&amp;lang=sk&amp;theme=light\" width=\"100%\" frameborder=\"0\" scrolling=\"no\" data-mce-fragment=\"1\"><\/iframe><br \/>\n<script>!function(e,t,o,r,n){var a,i=t.getElementsByTagName(o)[0],s=\"TootootIframesAsyncLoad\";if(e[s]||(e[s]=[]),t.getElementById(r)){var c=e.TootootIframes;c?c.register(n):e[s].push(n)}else e[s].push(n),(a=t.createElement(o)).id=r,a.src=\"https:\/\/ttcdn.azureedge.net\/iframe\/host.v2.js\",i.parentNode.insertBefore(a,i)}(window,document,\"script\",\"tootoot-iframe-channel\",\"toot-ifr1811b455515\");<\/script><\/p>\n<p>&nbsp;<\/p>\n","protected":false},"excerpt":{"rendered":"<p>Visiting the ornithologist A group of 20 people can take part in an unconventional guided tour and ringing of birds with an ornithologist in a protected area called V\u00fdsadba, in S\u013a\u0148ava, Pie\u0161\u0165any. During the engaging two-hour lecture by ornithologist Erich Kubica, you will learn interesting things such as: which birds nest in S\u013a\u0148ava, which migrate [&#8230;]<\/p>\n<p><a class=\"btn btn-secondary understrap-read-more-link\" href=\"https:\/\/rezortpiestany.sk\/en\/discover-the-secrets-of-piestany-that-you-had-no-idea-about-up-to-now\/visiting-the-ornithologist\/\">Read More&#8230;<\/a><\/p>\n","protected":false},"author":5,"featured_media":0,"parent":33029,"menu_order":0,"comment_status":"closed","ping_status":"closed","template":"page-templates\/homepage-page.php","meta":{"footnotes":""},"class_list":["post-33044","page","type-page","status-publish","hentry"],"_links":{"self":[{"href":"https:\/\/rezortpiestany.sk\/en\/wp-json\/wp\/v2\/pages\/33044","targetHints":{"allow":["GET"]}}],"collection":[{"href":"https:\/\/rezortpiestany.sk\/en\/wp-json\/wp\/v2\/pages"}],"about":[{"href":"https:\/\/rezortpiestany.sk\/en\/wp-json\/wp\/v2\/types\/page"}],"author":[{"embeddable":true,"href":"https:\/\/rezortpiestany.sk\/en\/wp-json\/wp\/v2\/users\/5"}],"replies":[{"embeddable":true,"href":"https:\/\/rezortpiestany.sk\/en\/wp-json\/wp\/v2\/comments?post=33044"}],"version-history":[{"count":3,"href":"https:\/\/rezortpiestany.sk\/en\/wp-json\/wp\/v2\/pages\/33044\/revisions"}],"predecessor-version":[{"id":33047,"href":"https:\/\/rezortpiestany.sk\/en\/wp-json\/wp\/v2\/pages\/33044\/revisions\/33047"}],"up":[{"embeddable":true,"href":"https:\/\/rezortpiestany.sk\/en\/wp-json\/wp\/v2\/pages\/33029"}],"wp:attachment":[{"href":"https:\/\/rezortpiestany.sk\/en\/wp-json\/wp\/v2\/media?parent=33044"}],"curies":[{"name":"wp","href":"https:\/\/api.w.org\/{rel}","templated":true}]}}