{"id":33048,"date":"2022-08-26T10:26:30","date_gmt":"2022-08-26T10:26:30","guid":{"rendered":"https:\/\/rezortpiestany.sk\/?page_id=33048"},"modified":"2022-08-26T10:31:17","modified_gmt":"2022-08-26T10:31:17","slug":"story-of-power-plant-for-kids-and-adults","status":"publish","type":"page","link":"https:\/\/rezortpiestany.sk\/en\/discover-the-secrets-of-piestany-that-you-had-no-idea-about-up-to-now\/story-of-power-plant-for-kids-and-adults\/","title":{"rendered":"Story of power plant for kids and adults"},"content":{"rendered":"<h1 class=\"featurette-heading\"><span style=\"color: #4a52a3;\">Story of power plant for kids and adults <\/span><\/h1>\n<p class=\"lead\">The historic Pie\u0161\u0165any power plant also has its charm. Guided tours are divided into two variants. Guided tour of the secrets of the power plant is aimed at children, the comic book and its main characters, Ela and Edo light bulbs, are aid in walking through the former municipal power plant. Younger siblings in preschool age will entertained by a themed coloring book.<\/p>\n<p class=\"lead\">During the tour of the beautiful building of the old power plant, which is a cultural monument, the adult will also see their stories. Older visitors of Pie\u0161\u0165any can also take part in the equally long tour, also worth 5 euros. An annotated tour of the interior and nooks of the old power plant is also prepared for them. We can look forward to an engaging talk about the history and functioning of this industrial building and the activities that take place in it after the reconstruction.<\/p>\n<hr class=\"featurette-divider\" \/>\n<h2 class=\"featurette-heading\"><span style=\"color: #4a52a3;\">A tour of the power plant&#8217;s story &#8211; a tour with an explanation by the guide<\/span><\/h2>\n<p class=\"lead\">Guided tour of the interior and nooks of the old power plant is also prepared. We can look forward to an engaging talk about the history and functioning of this industrial building anf the activities that take place in it after the reconstruction.<\/p>\n<ul>\n<li class=\"lead\">Capacity: 15<\/li>\n<li class=\"lead\">Suitable for: 12+<\/li>\n<li class=\"lead\">Duration: 45 min\u00fat<\/li>\n<li class=\"lead\">Location: Pie\u0161\u0165any Power plant, Stani\u010dn\u00e1 2334\/51,Pie\u0161\u0165any<\/li>\n<li class=\"lead\">Admission fee: adults 5\u20ac \/ children, seniors, disabled people 2\u20ac<\/li>\n<\/ul>\n<h3 class=\"featurette-heading\"><span style=\"color: #f06a89;\">Dates of guided tours:<\/span><\/h3>\n<p><a class=\"btn btn-primary\" href=\"https:\/\/komunitne-centrum.reservio.com\/booking\/business\/event\/client?businessId=a6f57d38-e3c4-4b20-8242-c2158a11ed87&amp;eventId=1ae0552a-5bd1-44fd-a489-a5eff986a386\">Saturday June 4, 2022 at 1:00 p.m.<\/a><\/p>\n<div id='gallery-1' class='gallery galleryid-33048 gallery-columns-3 gallery-size-medium'><figure class='gallery-item'>\n\t\t\t<div class='gallery-icon landscape'>\n\t\t\t\t<a href='https:\/\/rezortpiestany.sk\/en\/discover-the-secrets-of-piestany-that-you-had-no-idea-about-up-to-now\/story-of-power-plant-for-kids-and-adults\/galeria3-2\/'><img loading=\"lazy\" decoding=\"async\" width=\"300\" height=\"198\" src=\"https:\/\/rezortpiestany.sk\/wp-content\/uploads\/2022\/05\/galeria3.jpg\" class=\"attachment-medium size-medium\" alt=\"\" \/><\/a>\n\t\t\t<\/div><\/figure><figure class='gallery-item'>\n\t\t\t<div class='gallery-icon landscape'>\n\t\t\t\t<a href='https:\/\/rezortpiestany.sk\/en\/discover-the-secrets-of-piestany-that-you-had-no-idea-about-up-to-now\/story-of-power-plant-for-kids-and-adults\/118993183_3603277393028680_130919941035995110_n-2\/'><img loading=\"lazy\" decoding=\"async\" width=\"300\" height=\"200\" src=\"https:\/\/rezortpiestany.sk\/wp-content\/uploads\/2022\/05\/118993183_3603277393028680_130919941035995110_n.jpg\" class=\"attachment-medium size-medium\" alt=\"\" srcset=\"https:\/\/rezortpiestany.sk\/wp-content\/uploads\/2022\/05\/118993183_3603277393028680_130919941035995110_n.jpg 1935w, https:\/\/rezortpiestany.sk\/wp-content\/uploads\/2022\/05\/118993183_3603277393028680_130919941035995110_n-768x513.jpg 768w, https:\/\/rezortpiestany.sk\/wp-content\/uploads\/2022\/05\/118993183_3603277393028680_130919941035995110_n-1536x1026.jpg 1536w\" sizes=\"auto, (max-width: 300px) 100vw, 300px\" \/><\/a>\n\t\t\t<\/div><\/figure><figure class='gallery-item'>\n\t\t\t<div class='gallery-icon landscape'>\n\t\t\t\t<a href='https:\/\/rezortpiestany.sk\/en\/discover-the-secrets-of-piestany-that-you-had-no-idea-about-up-to-now\/story-of-power-plant-for-kids-and-adults\/119004565_3603276669695419_4497014027089451322_n-2\/'><img loading=\"lazy\" decoding=\"async\" width=\"300\" height=\"200\" src=\"https:\/\/rezortpiestany.sk\/wp-content\/uploads\/2022\/05\/119004565_3603276669695419_4497014027089451322_n.jpg\" class=\"attachment-medium size-medium\" alt=\"\" srcset=\"https:\/\/rezortpiestany.sk\/wp-content\/uploads\/2022\/05\/119004565_3603276669695419_4497014027089451322_n.jpg 1935w, https:\/\/rezortpiestany.sk\/wp-content\/uploads\/2022\/05\/119004565_3603276669695419_4497014027089451322_n-768x513.jpg 768w, https:\/\/rezortpiestany.sk\/wp-content\/uploads\/2022\/05\/119004565_3603276669695419_4497014027089451322_n-1536x1026.jpg 1536w\" sizes=\"auto, (max-width: 300px) 100vw, 300px\" \/><\/a>\n\t\t\t<\/div><\/figure>\n\t\t<\/div>\n\n<hr class=\"featurette-divider\" \/>\n<h2 class=\"featurette-heading\"><span style=\"color: #4a52a3;\">Secrets of the power plant \u2013 a comic book show for children<\/span><\/h2>\n<p class=\"lead\">Guided tour of the secrets of the power station is aimed at children, the comic book and its main characters, Ela and Edo light bulbs, are aid in walking through the former minucipal power plant. Younger siblings in preschool age will entetained by a themed coloring book.<\/p>\n<ul>\n<li class=\"lead\">Capacity: 10<\/li>\n<li class=\"lead\">\n<div><span lang=\"EN-GB\">Suitable for<\/span>: 8+<\/div>\n<\/li>\n<li class=\"lead\">\n<div><span lang=\"EN-GB\">Duration<\/span>: 45 min\u00fat<\/div>\n<\/li>\n<li class=\"lead\">\n<div><span lang=\"EN-GB\">Location<\/span>:\u00a0<span lang=\"EN-GB\">Pie\u0161\u0165any Power Plant<\/span>, Stani\u010dn\u00e1 2334\/51,Pie\u0161\u0165any<\/div>\n<\/li>\n<li class=\"lead\">Admission fee: Children 5\u20ac \/ adults 2\u20ac<\/li>\n<\/ul>\n<h3 class=\"featurette-heading\"><span style=\"color: #f06a89;\">Dates of guided tours:<\/span><\/h3>\n<p><a class=\"btn btn-primary\" href=\"https:\/\/komunitne-centrum.reservio.com\/booking\/business\/event\/client?businessId=a6f57d38-e3c4-4b20-8242-c2158a11ed87&amp;eventId=22007966-3954-480d-b331-426d2f62de0f\">Saturday June 4, 2022 at 13:00 a.m.<\/a><\/p>\n<div id='gallery-2' class='gallery galleryid-33048 gallery-columns-3 gallery-size-medium'><figure class='gallery-item'>\n\t\t\t<div class='gallery-icon landscape'>\n\t\t\t\t<a href='https:\/\/rezortpiestany.sk\/en\/discover-the-secrets-of-piestany-that-you-had-no-idea-about-up-to-now\/story-of-power-plant-for-kids-and-adults\/32-2\/'><img loading=\"lazy\" decoding=\"async\" width=\"300\" height=\"225\" src=\"https:\/\/rezortpiestany.sk\/wp-content\/uploads\/2022\/05\/32.jpg\" class=\"attachment-medium size-medium\" alt=\"\" srcset=\"https:\/\/rezortpiestany.sk\/wp-content\/uploads\/2022\/05\/32.jpg 1024w, https:\/\/rezortpiestany.sk\/wp-content\/uploads\/2022\/05\/32-768x576.jpg 768w\" sizes=\"auto, (max-width: 300px) 100vw, 300px\" \/><\/a>\n\t\t\t<\/div><\/figure><figure class='gallery-item'>\n\t\t\t<div class='gallery-icon landscape'>\n\t\t\t\t<a href='https:\/\/rezortpiestany.sk\/en\/discover-the-secrets-of-piestany-that-you-had-no-idea-about-up-to-now\/story-of-power-plant-for-kids-and-adults\/20-2\/'><img loading=\"lazy\" decoding=\"async\" width=\"300\" height=\"225\" src=\"https:\/\/rezortpiestany.sk\/wp-content\/uploads\/2022\/05\/20.jpg\" class=\"attachment-medium size-medium\" alt=\"\" srcset=\"https:\/\/rezortpiestany.sk\/wp-content\/uploads\/2022\/05\/20.jpg 1024w, https:\/\/rezortpiestany.sk\/wp-content\/uploads\/2022\/05\/20-768x576.jpg 768w\" sizes=\"auto, (max-width: 300px) 100vw, 300px\" \/><\/a>\n\t\t\t<\/div><\/figure><figure class='gallery-item'>\n\t\t\t<div class='gallery-icon landscape'>\n\t\t\t\t<a href='https:\/\/rezortpiestany.sk\/en\/discover-the-secrets-of-piestany-that-you-had-no-idea-about-up-to-now\/story-of-power-plant-for-kids-and-adults\/21-e1643809494624-2\/'><img loading=\"lazy\" decoding=\"async\" width=\"300\" height=\"225\" src=\"https:\/\/rezortpiestany.sk\/wp-content\/uploads\/2022\/05\/21-e1643809494624.jpg\" class=\"attachment-medium size-medium\" alt=\"\" srcset=\"https:\/\/rezortpiestany.sk\/wp-content\/uploads\/2022\/05\/21-e1643809494624.jpg 800w, https:\/\/rezortpiestany.sk\/wp-content\/uploads\/2022\/05\/21-e1643809494624-768x576.jpg 768w\" sizes=\"auto, (max-width: 300px) 100vw, 300px\" \/><\/a>\n\t\t\t<\/div><\/figure>\n\t\t<\/div>\n\n","protected":false},"excerpt":{"rendered":"<p>Story of power plant for kids and adults The historic Pie\u0161\u0165any power plant also has its charm. Guided tours are divided into two variants. Guided tour of the secrets of the power plant is aimed at children, the comic book and its main characters, Ela and Edo light bulbs, are aid in walking through the [&#8230;]<\/p>\n<p><a class=\"btn btn-secondary understrap-read-more-link\" href=\"https:\/\/rezortpiestany.sk\/en\/discover-the-secrets-of-piestany-that-you-had-no-idea-about-up-to-now\/story-of-power-plant-for-kids-and-adults\/\">Read More&#8230;<\/a><\/p>\n","protected":false},"author":5,"featured_media":0,"parent":33029,"menu_order":0,"comment_status":"closed","ping_status":"closed","template":"page-templates\/homepage-page.php","meta":{"footnotes":""},"class_list":["post-33048","page","type-page","status-publish","hentry"],"_links":{"self":[{"href":"https:\/\/rezortpiestany.sk\/en\/wp-json\/wp\/v2\/pages\/33048","targetHints":{"allow":["GET"]}}],"collection":[{"href":"https:\/\/rezortpiestany.sk\/en\/wp-json\/wp\/v2\/pages"}],"about":[{"href":"https:\/\/rezortpiestany.sk\/en\/wp-json\/wp\/v2\/types\/page"}],"author":[{"embeddable":true,"href":"https:\/\/rezortpiestany.sk\/en\/wp-json\/wp\/v2\/users\/5"}],"replies":[{"embeddable":true,"href":"https:\/\/rezortpiestany.sk\/en\/wp-json\/wp\/v2\/comments?post=33048"}],"version-history":[{"count":3,"href":"https:\/\/rezortpiestany.sk\/en\/wp-json\/wp\/v2\/pages\/33048\/revisions"}],"predecessor-version":[{"id":33051,"href":"https:\/\/rezortpiestany.sk\/en\/wp-json\/wp\/v2\/pages\/33048\/revisions\/33051"}],"up":[{"embeddable":true,"href":"https:\/\/rezortpiestany.sk\/en\/wp-json\/wp\/v2\/pages\/33029"}],"wp:attachment":[{"href":"https:\/\/rezortpiestany.sk\/en\/wp-json\/wp\/v2\/media?parent=33048"}],"curies":[{"name":"wp","href":"https:\/\/api.w.org\/{rel}","templated":true}]}}