{"id":33056,"date":"2022-08-30T08:21:44","date_gmt":"2022-08-30T08:21:44","guid":{"rendered":"https:\/\/rezortpiestany.sk\/?page_id=33056"},"modified":"2022-08-30T08:21:44","modified_gmt":"2022-08-30T08:21:44","slug":"town-as-a-gallery","status":"publish","type":"page","link":"https:\/\/rezortpiestany.sk\/en\/discover-the-secrets-of-piestany-that-you-had-no-idea-about-up-to-now\/town-as-a-gallery\/","title":{"rendered":"Town as a gallery"},"content":{"rendered":"<h1 class=\"featurette-heading\"><span style=\"color: #4a52a3;\">Town as a gallery<\/span><\/h1>\n<p class=\"lead\">A guided tour that you should definitely not miss in Pie\u0161\u0165any? So this is guided tour Town as a gallery \u2013 the art of public space.<\/p>\n<p class=\"lead\">On a tour of the narrower centre of Pie\u0161\u0165any and the Spa Island \u2013 you will learn more from behind the scenes of the well-known event Socha pie\u0161\u0165ansk\u00fdch parkov exhibition. On selected examples of sculptures in public space, the guide will introduce you to the circumstances and changes in contemporary thinking that have influenced the work of art since the second half of the 20th century.<\/p>\n<p class=\"lead\">A tour will be led by gallery pedagogue and artist \u2013 Linda Blahov\u00e1, who is a co-author of the book Sculptures of Pie\u0161\u0165any: Town as a gallery. Even in this case, the number of places at the show is limited, so we advise you not to postpone registration until the last minute.<\/p>\n<p>&nbsp;<\/p>\n<h3 class=\"featurette-heading\"><span style=\"color: #f06a89;\">Date of guided tour Town as a gallery:<\/span><\/h3>\n<p class=\"lead\">It is necessary to purchase a ticket in advance by clicking on the date and completing the reservation.<\/p>\n<p><a class=\"btn btn-primary\" href=\"https:\/\/tootoot.fm\/sk\/events\/629654d7d02c5c05a0704de1\">Saturday September 10, 2022 at 3:30 p.m.<\/a><\/p>\n<p>&nbsp;<\/p>\n<h3 class=\"featurette-heading\"><span style=\"color: #f06a89;\">Meeting point:<\/span><\/h3>\n<p class=\"lead\">In front of the staircase of the House of Art, N\u00e1bre\u017eie Ivana Krasku 1, Pie\u0161\u0165any<\/p>\n<p class=\"lead\">GPS: 48.589413, 17.836903<\/p>\n<p>&nbsp;<\/p>\n<h3 class=\"featurette-heading\"><span style=\"color: #f06a89;\">Admission fee:<\/span><\/h3>\n<ul>\n<li class=\"lead\">Adults: 6 \u20ac<\/li>\n<li class=\"lead\">Seniors: 4 \u20ac<\/li>\n<li class=\"lead\">Children from the age of 12 and people with disability: 3 \u20ac<\/li>\n<li class=\"lead\">Children up to age of 11,99: Free admission<\/li>\n<\/ul>\n<p><iframe id=\"toot-ifr1811b3f0949\" src=\"https:\/\/tootoot.fm\/buy-embedded\/?event-id=629654d7d02c5c05a0704de1&amp;ifr-id=toot-ifr1811b3f0949&amp;lang=sk&amp;theme=light\" width=\"100%\" frameborder=\"0\" scrolling=\"no\" data-mce-fragment=\"1\"><\/iframe><br \/>\n<script>!function(e,t,o,r,n){var a,i=t.getElementsByTagName(o)[0],s=\"TootootIframesAsyncLoad\";if(e[s]||(e[s]=[]),t.getElementById(r)){var c=e.TootootIframes;c?c.register(n):e[s].push(n)}else e[s].push(n),(a=t.createElement(o)).id=r,a.src=\"https:\/\/ttcdn.azureedge.net\/iframe\/host.v2.js\",i.parentNode.insertBefore(a,i)}(window,document,\"script\",\"tootoot-iframe-channel\",\"toot-ifr1811b3f0949\");<\/script><\/p>\n<p><img loading=\"lazy\" decoding=\"async\" class=\"alignnone size-full wp-image-32349\" src=\"https:\/\/rezortpiestany.sk\/wp-content\/uploads\/2022\/05\/Sochy-piestanskych-parkov-prehliadka-2-scaled.jpg\" alt=\"\" width=\"2560\" height=\"1707\" srcset=\"https:\/\/rezortpiestany.sk\/wp-content\/uploads\/2022\/05\/Sochy-piestanskych-parkov-prehliadka-2-scaled.jpg 2560w, https:\/\/rezortpiestany.sk\/wp-content\/uploads\/2022\/05\/Sochy-piestanskych-parkov-prehliadka-2-768x512.jpg 768w, https:\/\/rezortpiestany.sk\/wp-content\/uploads\/2022\/05\/Sochy-piestanskych-parkov-prehliadka-2-1536x1024.jpg 1536w, https:\/\/rezortpiestany.sk\/wp-content\/uploads\/2022\/05\/Sochy-piestanskych-parkov-prehliadka-2-2048x1365.jpg 2048w\" sizes=\"auto, (max-width: 2560px) 100vw, 2560px\" \/><\/p>\n","protected":false},"excerpt":{"rendered":"<p>Town as a gallery A guided tour that you should definitely not miss in Pie\u0161\u0165any? So this is guided tour Town as a gallery \u2013 the art of public space. On a tour of the narrower centre of Pie\u0161\u0165any and the Spa Island \u2013 you will learn more from behind the scenes of the well-known [&#8230;]<\/p>\n<p><a class=\"btn btn-secondary understrap-read-more-link\" href=\"https:\/\/rezortpiestany.sk\/en\/discover-the-secrets-of-piestany-that-you-had-no-idea-about-up-to-now\/town-as-a-gallery\/\">Read More&#8230;<\/a><\/p>\n","protected":false},"author":5,"featured_media":0,"parent":33029,"menu_order":0,"comment_status":"closed","ping_status":"closed","template":"page-templates\/homepage-page.php","meta":{"footnotes":""},"class_list":["post-33056","page","type-page","status-publish","hentry"],"_links":{"self":[{"href":"https:\/\/rezortpiestany.sk\/en\/wp-json\/wp\/v2\/pages\/33056","targetHints":{"allow":["GET"]}}],"collection":[{"href":"https:\/\/rezortpiestany.sk\/en\/wp-json\/wp\/v2\/pages"}],"about":[{"href":"https:\/\/rezortpiestany.sk\/en\/wp-json\/wp\/v2\/types\/page"}],"author":[{"embeddable":true,"href":"https:\/\/rezortpiestany.sk\/en\/wp-json\/wp\/v2\/users\/5"}],"replies":[{"embeddable":true,"href":"https:\/\/rezortpiestany.sk\/en\/wp-json\/wp\/v2\/comments?post=33056"}],"version-history":[{"count":1,"href":"https:\/\/rezortpiestany.sk\/en\/wp-json\/wp\/v2\/pages\/33056\/revisions"}],"predecessor-version":[{"id":33057,"href":"https:\/\/rezortpiestany.sk\/en\/wp-json\/wp\/v2\/pages\/33056\/revisions\/33057"}],"up":[{"embeddable":true,"href":"https:\/\/rezortpiestany.sk\/en\/wp-json\/wp\/v2\/pages\/33029"}],"wp:attachment":[{"href":"https:\/\/rezortpiestany.sk\/en\/wp-json\/wp\/v2\/media?parent=33056"}],"curies":[{"name":"wp","href":"https:\/\/api.w.org\/{rel}","templated":true}]}}