{"id":33060,"date":"2022-08-30T09:19:41","date_gmt":"2022-08-30T09:19:41","guid":{"rendered":"https:\/\/rezortpiestany.sk\/?page_id=33060"},"modified":"2022-08-30T09:19:41","modified_gmt":"2022-08-30T09:19:41","slug":"piestany-modern-art-guided-tour","status":"publish","type":"page","link":"https:\/\/rezortpiestany.sk\/en\/discover-the-secrets-of-piestany-that-you-had-no-idea-about-up-to-now\/piestany-modern-art-guided-tour\/","title":{"rendered":"Pie\u0161\u0165any modern art &#8211; guided tour"},"content":{"rendered":"<h2 class=\"featurette-heading\"><span style=\"color: #4a52a3;\">Pie\u0161\u0165any modern art &#8211; guided tour<\/span><\/h2>\n<p class=\"lead\">An engaging guided tour let by E. Roho\u0148ov\u00e1 and L. Ga\u017eov\u00e1 is dedicated to interwar and post-war architecture and will boost all ages with rich information.<\/p>\n<ul>\n<li class=\"lead\">Duration: 60 minutes<\/li>\n<li class=\"lead\">Meeting point: Crutch breaker statue in front of Colonnade bridge, GPS: 48.588575, 17.839158<\/li>\n<li class=\"lead\">Admission fee: Adults &#8211; 6 \u20ac, children from the age of 12 &#8211; 3 \u20ac,\u00a0children up to age of 12 &#8211; free admission<\/li>\n<\/ul>\n<h4 class=\"featurette-heading\"><span style=\"color: #f06a89;\">Date of guided tour Pie\u0161\u0165any modern art:<\/span><\/h4>\n<p class=\"lead\">It is necessary to purchase a ticket in advance by clicking on the date and completing the reservation.<\/p>\n<p><a class=\"btn btn-primary\" href=\"https:\/\/tootoot.fm\/sk\/events\/62965cbd235afd13605df7b0\">Tuesday August 23, 2022 at 6:00 p.m.<\/a><\/p>\n<h4 class=\"featurette-heading\"><span style=\"color: #f06a89;\">Tickets for the guided tour Pie\u0161\u0165any modern art:<\/span><\/h4>\n<p><iframe id=\"toot-ifr1811b5d7095\" src=\"https:\/\/tootoot.fm\/buy-embedded\/?event-id=62965cbd235afd13605df7b0&amp;ifr-id=toot-ifr1811b5d7095&amp;lang=sk&amp;theme=light\" width=\"100%\" frameborder=\"0\" scrolling=\"no\" data-mce-fragment=\"1\"><\/iframe><br \/>\n<script>!function(e,t,o,r,n){var a,i=t.getElementsByTagName(o)[0],s=\"TootootIframesAsyncLoad\";if(e[s]||(e[s]=[]),t.getElementById(r)){var c=e.TootootIframes;c?c.register(n):e[s].push(n)}else e[s].push(n),(a=t.createElement(o)).id=r,a.src=\"https:\/\/ttcdn.azureedge.net\/iframe\/host.v2.js\",i.parentNode.insertBefore(a,i)}(window,document,\"script\",\"tootoot-iframe-channel\",\"toot-ifr1811b5d7095\");<\/script><\/p>\n","protected":false},"excerpt":{"rendered":"<p>Pie\u0161\u0165any modern art &#8211; guided tour An engaging guided tour let by E. Roho\u0148ov\u00e1 and L. Ga\u017eov\u00e1 is dedicated to interwar and post-war architecture and will boost all ages with rich information. Duration: 60 minutes Meeting point: Crutch breaker statue in front of Colonnade bridge, GPS: 48.588575, 17.839158 Admission fee: Adults &#8211; 6 \u20ac, children [&#8230;]<\/p>\n<p><a class=\"btn btn-secondary understrap-read-more-link\" href=\"https:\/\/rezortpiestany.sk\/en\/discover-the-secrets-of-piestany-that-you-had-no-idea-about-up-to-now\/piestany-modern-art-guided-tour\/\">Read More&#8230;<\/a><\/p>\n","protected":false},"author":5,"featured_media":0,"parent":33029,"menu_order":0,"comment_status":"closed","ping_status":"closed","template":"page-templates\/homepage-page.php","meta":{"footnotes":""},"class_list":["post-33060","page","type-page","status-publish","hentry"],"_links":{"self":[{"href":"https:\/\/rezortpiestany.sk\/en\/wp-json\/wp\/v2\/pages\/33060","targetHints":{"allow":["GET"]}}],"collection":[{"href":"https:\/\/rezortpiestany.sk\/en\/wp-json\/wp\/v2\/pages"}],"about":[{"href":"https:\/\/rezortpiestany.sk\/en\/wp-json\/wp\/v2\/types\/page"}],"author":[{"embeddable":true,"href":"https:\/\/rezortpiestany.sk\/en\/wp-json\/wp\/v2\/users\/5"}],"replies":[{"embeddable":true,"href":"https:\/\/rezortpiestany.sk\/en\/wp-json\/wp\/v2\/comments?post=33060"}],"version-history":[{"count":1,"href":"https:\/\/rezortpiestany.sk\/en\/wp-json\/wp\/v2\/pages\/33060\/revisions"}],"predecessor-version":[{"id":33061,"href":"https:\/\/rezortpiestany.sk\/en\/wp-json\/wp\/v2\/pages\/33060\/revisions\/33061"}],"up":[{"embeddable":true,"href":"https:\/\/rezortpiestany.sk\/en\/wp-json\/wp\/v2\/pages\/33029"}],"wp:attachment":[{"href":"https:\/\/rezortpiestany.sk\/en\/wp-json\/wp\/v2\/media?parent=33060"}],"curies":[{"name":"wp","href":"https:\/\/api.w.org\/{rel}","templated":true}]}}