{"id":33064,"date":"2022-08-30T09:36:33","date_gmt":"2022-08-30T09:36:33","guid":{"rendered":"https:\/\/rezortpiestany.sk\/?page_id=33064"},"modified":"2022-08-30T09:36:33","modified_gmt":"2022-08-30T09:36:33","slug":"house-of-arts-guided-tour","status":"publish","type":"page","link":"https:\/\/rezortpiestany.sk\/en\/discover-the-secrets-of-piestany-that-you-had-no-idea-about-up-to-now\/house-of-arts-guided-tour\/","title":{"rendered":"House of Arts &#8211; guided tour"},"content":{"rendered":"<h2 class=\"featurette-heading\"><span style=\"color: #4a52a3;\">House of Arts &#8211; guided tour<\/span><\/h2>\n<p class=\"lead\">Guided tours in architectual masterpiece -House of Arts which are free of charge. Architects L\u00edvia Ga\u017eov\u00e1 and Eva Roho\u0148ov\u00e1 will accompany the participants in the areas of the brutalist building, which are otherwise not freely accessible to the public.<\/p>\n<ul>\n<li class=\"lead\">Duration: 60 minutes<\/li>\n<li class=\"lead\">Meeting point: staircase in front of the House of Arts, N\u00e1bre\u017eie Ivana Krasku 1, Pie\u0161\u0165any, GPS: 48.591859, 17.839994<\/li>\n<li class=\"lead\">Admission fee: <strong>free admission<\/strong><\/li>\n<\/ul>\n<h3 class=\"featurette-heading\"><span style=\"color: #f06a89;\">Dates of guided tours:<\/span><\/h3>\n<ul>\n<li class=\"lead\">Saturday June 4, 2022 at 3:00 p.m.<\/li>\n<li class=\"lead\">Saturday June 18, 2022 at 3:00 p.m.<\/li>\n<li class=\"lead\">Saturday August 7, 2022 at 9:00 a.m.<\/li>\n<li class=\"lead\">Friday September 16, 2022<\/li>\n<li class=\"lead\">Saturday September 7, 2022 at 9:00 a.m.<\/li>\n<li class=\"lead\">Saturday October 15, 2022 at 9:00 a.m.<\/li>\n<\/ul>\n<div id='gallery-1' class='gallery galleryid-33064 gallery-columns-3 gallery-size-large'><figure class='gallery-item'>\n\t\t\t<div class='gallery-icon landscape'>\n\t\t\t\t<a href='https:\/\/rezortpiestany.sk\/wp-content\/uploads\/2022\/05\/DU4-scaled.jpg'><img loading=\"lazy\" decoding=\"async\" width=\"640\" height=\"427\" src=\"https:\/\/rezortpiestany.sk\/wp-content\/uploads\/2022\/05\/DU4-scaled.jpg\" class=\"attachment-large size-large\" alt=\"\" srcset=\"https:\/\/rezortpiestany.sk\/wp-content\/uploads\/2022\/05\/DU4-scaled.jpg 2560w, https:\/\/rezortpiestany.sk\/wp-content\/uploads\/2022\/05\/DU4-768x512.jpg 768w, https:\/\/rezortpiestany.sk\/wp-content\/uploads\/2022\/05\/DU4-1536x1024.jpg 1536w, https:\/\/rezortpiestany.sk\/wp-content\/uploads\/2022\/05\/DU4-2048x1365.jpg 2048w\" sizes=\"auto, (max-width: 640px) 100vw, 640px\" \/><\/a>\n\t\t\t<\/div><\/figure><figure class='gallery-item'>\n\t\t\t<div class='gallery-icon landscape'>\n\t\t\t\t<a href='https:\/\/rezortpiestany.sk\/wp-content\/uploads\/2022\/05\/DU2-scaled.jpg'><img loading=\"lazy\" decoding=\"async\" width=\"640\" height=\"427\" src=\"https:\/\/rezortpiestany.sk\/wp-content\/uploads\/2022\/05\/DU2-scaled.jpg\" class=\"attachment-large size-large\" alt=\"\" srcset=\"https:\/\/rezortpiestany.sk\/wp-content\/uploads\/2022\/05\/DU2-scaled.jpg 2560w, https:\/\/rezortpiestany.sk\/wp-content\/uploads\/2022\/05\/DU2-768x512.jpg 768w, https:\/\/rezortpiestany.sk\/wp-content\/uploads\/2022\/05\/DU2-1536x1024.jpg 1536w, https:\/\/rezortpiestany.sk\/wp-content\/uploads\/2022\/05\/DU2-2048x1365.jpg 2048w\" sizes=\"auto, (max-width: 640px) 100vw, 640px\" \/><\/a>\n\t\t\t<\/div><\/figure><figure class='gallery-item'>\n\t\t\t<div class='gallery-icon landscape'>\n\t\t\t\t<a href='https:\/\/rezortpiestany.sk\/wp-content\/uploads\/2022\/05\/DU1-scaled.jpg'><img loading=\"lazy\" decoding=\"async\" width=\"640\" height=\"427\" src=\"https:\/\/rezortpiestany.sk\/wp-content\/uploads\/2022\/05\/DU1-scaled.jpg\" class=\"attachment-large size-large\" alt=\"\" srcset=\"https:\/\/rezortpiestany.sk\/wp-content\/uploads\/2022\/05\/DU1-scaled.jpg 2560w, https:\/\/rezortpiestany.sk\/wp-content\/uploads\/2022\/05\/DU1-768x512.jpg 768w, https:\/\/rezortpiestany.sk\/wp-content\/uploads\/2022\/05\/DU1-1536x1024.jpg 1536w, https:\/\/rezortpiestany.sk\/wp-content\/uploads\/2022\/05\/DU1-2048x1365.jpg 2048w\" sizes=\"auto, (max-width: 640px) 100vw, 640px\" \/><\/a>\n\t\t\t<\/div><\/figure>\n\t\t<\/div>\n\n<p>&nbsp;<\/p>\n<p>&nbsp;<\/p>\n","protected":false},"excerpt":{"rendered":"<p>House of Arts &#8211; guided tour Guided tours in architectual masterpiece -House of Arts which are free of charge. Architects L\u00edvia Ga\u017eov\u00e1 and Eva Roho\u0148ov\u00e1 will accompany the participants in the areas of the brutalist building, which are otherwise not freely accessible to the public. Duration: 60 minutes Meeting point: staircase in front of the [&#8230;]<\/p>\n<p><a class=\"btn btn-secondary understrap-read-more-link\" href=\"https:\/\/rezortpiestany.sk\/en\/discover-the-secrets-of-piestany-that-you-had-no-idea-about-up-to-now\/house-of-arts-guided-tour\/\">Read More&#8230;<\/a><\/p>\n","protected":false},"author":5,"featured_media":0,"parent":33029,"menu_order":0,"comment_status":"closed","ping_status":"closed","template":"page-templates\/homepage-page.php","meta":{"footnotes":""},"class_list":["post-33064","page","type-page","status-publish","hentry"],"_links":{"self":[{"href":"https:\/\/rezortpiestany.sk\/en\/wp-json\/wp\/v2\/pages\/33064","targetHints":{"allow":["GET"]}}],"collection":[{"href":"https:\/\/rezortpiestany.sk\/en\/wp-json\/wp\/v2\/pages"}],"about":[{"href":"https:\/\/rezortpiestany.sk\/en\/wp-json\/wp\/v2\/types\/page"}],"author":[{"embeddable":true,"href":"https:\/\/rezortpiestany.sk\/en\/wp-json\/wp\/v2\/users\/5"}],"replies":[{"embeddable":true,"href":"https:\/\/rezortpiestany.sk\/en\/wp-json\/wp\/v2\/comments?post=33064"}],"version-history":[{"count":1,"href":"https:\/\/rezortpiestany.sk\/en\/wp-json\/wp\/v2\/pages\/33064\/revisions"}],"predecessor-version":[{"id":33065,"href":"https:\/\/rezortpiestany.sk\/en\/wp-json\/wp\/v2\/pages\/33064\/revisions\/33065"}],"up":[{"embeddable":true,"href":"https:\/\/rezortpiestany.sk\/en\/wp-json\/wp\/v2\/pages\/33029"}],"wp:attachment":[{"href":"https:\/\/rezortpiestany.sk\/en\/wp-json\/wp\/v2\/media?parent=33064"}],"curies":[{"name":"wp","href":"https:\/\/api.w.org\/{rel}","templated":true}]}}