{"id":37673,"date":"2025-09-16T16:08:31","date_gmt":"2025-09-16T16:08:31","guid":{"rendered":"https:\/\/rezortpiestany.sk\/?page_id=37673"},"modified":"2025-09-16T16:08:31","modified_gmt":"2025-09-16T16:08:31","slug":"hop-chill-live-traditions-of-krakovany","status":"publish","type":"page","link":"https:\/\/rezortpiestany.sk\/en\/hop-chill-live-traditions-of-krakovany\/","title":{"rendered":"Hop &#038; Chill: Live Traditions of Krakovany"},"content":{"rendered":"<h1 class=\"featurette-heading\"><span style=\"color: #4a52a3;\">Hop &#038; Chill: Live Traditions of Krakovany<\/span><\/h1>\n<ul>\n<li class=\"lead\">Discover lace, folk music, and rural hospitality in Krakovany<\/li>\n<li class=\"lead\">Experience local traditions: crafts, performers, village customs<\/li>\n<li class=\"lead\">Round\u2011trip bus transport from Pie\u0161\u0165any, guided tour and ticket included<\/li>\n<\/ul>\n<p><iframe loading=\"lazy\" title=\"Hop &amp; Chill: \u017div\u00e9 trad\u00edcie Krakovian\" width=\"640\" height=\"360\" src=\"https:\/\/www.youtube.com\/embed\/BHQXzbm9rVQ?feature=oembed\" frameborder=\"0\" allow=\"accelerometer; autoplay; clipboard-write; encrypted-media; gyroscope; picture-in-picture; web-share\" referrerpolicy=\"strict-origin-when-cross-origin\" allowfullscreen><\/iframe><\/p>\n<h3 class=\"featurette-heading\"><span style=\"color: #f06a89;\">Ticket price:<\/span><\/h3>\n<p class=\"lead\">Adult: \u20ac18<\/p>\n<p class=\"lead\">Child (3+): \u20ac14, under 3 years: Free (no seat)<\/p>\n<h3 class=\"featurette-heading\"><span style=\"color: #f06a89;\">Departure points in Pie\u0161\u0165any:<\/span><\/h3>\n<ul>\n<li class=\"lead\">Hotel Splendid<\/li>\n<li class=\"lead\">Hotel Esplanade<\/li>\n<li class=\"lead\">Hotel Pro Patria<\/li>\n<li class=\"lead\">Nitrianska Street (across from Aupark)<\/li>\n<li class=\"lead\">Winterova Street (Norma caf\u00e9)<\/li>\n<li class=\"lead\">Pie\u0161\u0165any Train Station<\/li>\n<\/ul>\n<p><a class=\"btn btn-primary\" href=\"https:\/\/predpredaj.zoznam.sk\/sk\/listky\/hop-chill-krakovany-2025\/\" target=\"_blank\" rel=\"noopener noreferrer\">\ud83d\udc49BOOK YOUR TRIP AND SEE DETAILS\ud83d\udc48<\/a><\/p>\n<h4 class=\"featurette-heading\"><span style=\"color: #f06a89;\">Available Dates:<\/span><\/h4>\n<p class=\"lead\">16 September 2025<\/p>\n<p class=\"lead\">25 September 2025<\/p>\n<p class=\"lead\">8 October 2025<\/p>\n<p class=\"lead\">25 October 2025<\/p>\n<p class=\"lead\">8 November 2025<\/p>\n<p class=\"lead\">20 November 2025<\/p>\n<hr class=\"featurette-divider\" \/>\n<div id='gallery-1' class='gallery galleryid-37673 gallery-columns-3 gallery-size-full'><figure class='gallery-item'>\n\t\t\t<div class='gallery-icon landscape'>\n\t\t\t\t<a href='https:\/\/rezortpiestany.sk\/en\/?attachment_id=37413'><img loading=\"lazy\" decoding=\"async\" width=\"1500\" height=\"1000\" src=\"https:\/\/rezortpiestany.sk\/wp-content\/uploads\/2025\/07\/147A02881.jpg\" class=\"attachment-full size-full\" alt=\"\" srcset=\"https:\/\/rezortpiestany.sk\/wp-content\/uploads\/2025\/07\/147A02881.jpg 1500w, https:\/\/rezortpiestany.sk\/wp-content\/uploads\/2025\/07\/147A02881-768x512.jpg 768w\" sizes=\"auto, (max-width: 1500px) 100vw, 1500px\" \/><\/a>\n\t\t\t<\/div><\/figure><figure class='gallery-item'>\n\t\t\t<div class='gallery-icon landscape'>\n\t\t\t\t<a href='https:\/\/rezortpiestany.sk\/en\/?attachment_id=37392'><img loading=\"lazy\" decoding=\"async\" width=\"2560\" height=\"1707\" src=\"https:\/\/rezortpiestany.sk\/wp-content\/uploads\/2025\/07\/147A99431-scaled.jpg\" class=\"attachment-full size-full\" alt=\"\" srcset=\"https:\/\/rezortpiestany.sk\/wp-content\/uploads\/2025\/07\/147A99431-scaled.jpg 2560w, https:\/\/rezortpiestany.sk\/wp-content\/uploads\/2025\/07\/147A99431-768x512.jpg 768w, https:\/\/rezortpiestany.sk\/wp-content\/uploads\/2025\/07\/147A99431-1536x1024.jpg 1536w, https:\/\/rezortpiestany.sk\/wp-content\/uploads\/2025\/07\/147A99431-2048x1366.jpg 2048w\" sizes=\"auto, (max-width: 2560px) 100vw, 2560px\" \/><\/a>\n\t\t\t<\/div><\/figure><figure class='gallery-item'>\n\t\t\t<div class='gallery-icon landscape'>\n\t\t\t\t<a href='https:\/\/rezortpiestany.sk\/en\/?attachment_id=37398'><img loading=\"lazy\" decoding=\"async\" width=\"2560\" height=\"1707\" src=\"https:\/\/rezortpiestany.sk\/wp-content\/uploads\/2025\/07\/147A99871-scaled.jpg\" class=\"attachment-full size-full\" alt=\"\" srcset=\"https:\/\/rezortpiestany.sk\/wp-content\/uploads\/2025\/07\/147A99871-scaled.jpg 2560w, https:\/\/rezortpiestany.sk\/wp-content\/uploads\/2025\/07\/147A99871-768x512.jpg 768w, https:\/\/rezortpiestany.sk\/wp-content\/uploads\/2025\/07\/147A99871-1536x1024.jpg 1536w, https:\/\/rezortpiestany.sk\/wp-content\/uploads\/2025\/07\/147A99871-2048x1366.jpg 2048w\" sizes=\"auto, (max-width: 2560px) 100vw, 2560px\" \/><\/a>\n\t\t\t<\/div><\/figure><figure class='gallery-item'>\n\t\t\t<div class='gallery-icon landscape'>\n\t\t\t\t<a href='https:\/\/rezortpiestany.sk\/en\/?attachment_id=37368'><img loading=\"lazy\" decoding=\"async\" width=\"2560\" height=\"1708\" src=\"https:\/\/rezortpiestany.sk\/wp-content\/uploads\/2025\/07\/147A00031-scaled.jpg\" class=\"attachment-full size-full\" alt=\"\" srcset=\"https:\/\/rezortpiestany.sk\/wp-content\/uploads\/2025\/07\/147A00031-scaled.jpg 2560w, https:\/\/rezortpiestany.sk\/wp-content\/uploads\/2025\/07\/147A00031-768x512.jpg 768w, https:\/\/rezortpiestany.sk\/wp-content\/uploads\/2025\/07\/147A00031-1536x1025.jpg 1536w, https:\/\/rezortpiestany.sk\/wp-content\/uploads\/2025\/07\/147A00031-2048x1366.jpg 2048w\" sizes=\"auto, (max-width: 2560px) 100vw, 2560px\" \/><\/a>\n\t\t\t<\/div><\/figure><figure class='gallery-item'>\n\t\t\t<div class='gallery-icon landscape'>\n\t\t\t\t<a href='https:\/\/rezortpiestany.sk\/en\/?attachment_id=37371'><img loading=\"lazy\" decoding=\"async\" width=\"2560\" height=\"1708\" src=\"https:\/\/rezortpiestany.sk\/wp-content\/uploads\/2025\/07\/147A00241-scaled.jpg\" class=\"attachment-full size-full\" alt=\"\" srcset=\"https:\/\/rezortpiestany.sk\/wp-content\/uploads\/2025\/07\/147A00241-scaled.jpg 2560w, https:\/\/rezortpiestany.sk\/wp-content\/uploads\/2025\/07\/147A00241-768x512.jpg 768w, https:\/\/rezortpiestany.sk\/wp-content\/uploads\/2025\/07\/147A00241-1536x1025.jpg 1536w, https:\/\/rezortpiestany.sk\/wp-content\/uploads\/2025\/07\/147A00241-2048x1366.jpg 2048w\" sizes=\"auto, (max-width: 2560px) 100vw, 2560px\" \/><\/a>\n\t\t\t<\/div><\/figure><figure class='gallery-item'>\n\t\t\t<div class='gallery-icon landscape'>\n\t\t\t\t<a href='https:\/\/rezortpiestany.sk\/en\/?attachment_id=37377'><img loading=\"lazy\" decoding=\"async\" width=\"2560\" height=\"1708\" src=\"https:\/\/rezortpiestany.sk\/wp-content\/uploads\/2025\/07\/147A01181-scaled.jpg\" class=\"attachment-full size-full\" alt=\"\" srcset=\"https:\/\/rezortpiestany.sk\/wp-content\/uploads\/2025\/07\/147A01181-scaled.jpg 2560w, https:\/\/rezortpiestany.sk\/wp-content\/uploads\/2025\/07\/147A01181-768x512.jpg 768w, https:\/\/rezortpiestany.sk\/wp-content\/uploads\/2025\/07\/147A01181-1536x1025.jpg 1536w, https:\/\/rezortpiestany.sk\/wp-content\/uploads\/2025\/07\/147A01181-2048x1366.jpg 2048w\" sizes=\"auto, (max-width: 2560px) 100vw, 2560px\" \/><\/a>\n\t\t\t<\/div><\/figure><figure class='gallery-item'>\n\t\t\t<div class='gallery-icon landscape'>\n\t\t\t\t<a href='https:\/\/rezortpiestany.sk\/en\/?attachment_id=37374'><img loading=\"lazy\" decoding=\"async\" width=\"2560\" height=\"1707\" src=\"https:\/\/rezortpiestany.sk\/wp-content\/uploads\/2025\/07\/147A01061-scaled.jpg\" class=\"attachment-full size-full\" alt=\"\" srcset=\"https:\/\/rezortpiestany.sk\/wp-content\/uploads\/2025\/07\/147A01061-scaled.jpg 2560w, https:\/\/rezortpiestany.sk\/wp-content\/uploads\/2025\/07\/147A01061-768x512.jpg 768w, https:\/\/rezortpiestany.sk\/wp-content\/uploads\/2025\/07\/147A01061-1536x1024.jpg 1536w, https:\/\/rezortpiestany.sk\/wp-content\/uploads\/2025\/07\/147A01061-2048x1366.jpg 2048w\" sizes=\"auto, (max-width: 2560px) 100vw, 2560px\" \/><\/a>\n\t\t\t<\/div><\/figure><figure class='gallery-item'>\n\t\t\t<div class='gallery-icon landscape'>\n\t\t\t\t<a href='https:\/\/rezortpiestany.sk\/en\/?attachment_id=37380'><img loading=\"lazy\" decoding=\"async\" width=\"2560\" height=\"1708\" src=\"https:\/\/rezortpiestany.sk\/wp-content\/uploads\/2025\/07\/147A02131-scaled.jpg\" class=\"attachment-full size-full\" alt=\"\" srcset=\"https:\/\/rezortpiestany.sk\/wp-content\/uploads\/2025\/07\/147A02131-scaled.jpg 2560w, https:\/\/rezortpiestany.sk\/wp-content\/uploads\/2025\/07\/147A02131-768x512.jpg 768w, https:\/\/rezortpiestany.sk\/wp-content\/uploads\/2025\/07\/147A02131-1536x1025.jpg 1536w, https:\/\/rezortpiestany.sk\/wp-content\/uploads\/2025\/07\/147A02131-2048x1366.jpg 2048w\" sizes=\"auto, (max-width: 2560px) 100vw, 2560px\" \/><\/a>\n\t\t\t<\/div><\/figure><figure class='gallery-item'>\n\t\t\t<div class='gallery-icon landscape'>\n\t\t\t\t<a href='https:\/\/rezortpiestany.sk\/en\/?attachment_id=37395'><img loading=\"lazy\" decoding=\"async\" width=\"2560\" height=\"1707\" src=\"https:\/\/rezortpiestany.sk\/wp-content\/uploads\/2025\/07\/147A99691-scaled.jpg\" class=\"attachment-full size-full\" alt=\"\" srcset=\"https:\/\/rezortpiestany.sk\/wp-content\/uploads\/2025\/07\/147A99691-scaled.jpg 2560w, https:\/\/rezortpiestany.sk\/wp-content\/uploads\/2025\/07\/147A99691-768x512.jpg 768w, https:\/\/rezortpiestany.sk\/wp-content\/uploads\/2025\/07\/147A99691-1536x1024.jpg 1536w, https:\/\/rezortpiestany.sk\/wp-content\/uploads\/2025\/07\/147A99691-2048x1366.jpg 2048w\" sizes=\"auto, (max-width: 2560px) 100vw, 2560px\" \/><\/a>\n\t\t\t<\/div><\/figure><figure class='gallery-item'>\n\t\t\t<div class='gallery-icon landscape'>\n\t\t\t\t<a href='https:\/\/rezortpiestany.sk\/en\/?attachment_id=37401'><img loading=\"lazy\" decoding=\"async\" width=\"1500\" height=\"1000\" src=\"https:\/\/rezortpiestany.sk\/wp-content\/uploads\/2025\/07\/147A00811.jpg\" class=\"attachment-full size-full\" alt=\"\" srcset=\"https:\/\/rezortpiestany.sk\/wp-content\/uploads\/2025\/07\/147A00811.jpg 1500w, https:\/\/rezortpiestany.sk\/wp-content\/uploads\/2025\/07\/147A00811-768x512.jpg 768w\" sizes=\"auto, (max-width: 1500px) 100vw, 1500px\" \/><\/a>\n\t\t\t<\/div><\/figure><figure class='gallery-item'>\n\t\t\t<div class='gallery-icon landscape'>\n\t\t\t\t<a href='https:\/\/rezortpiestany.sk\/en\/?attachment_id=37404'><img loading=\"lazy\" decoding=\"async\" width=\"1500\" height=\"1001\" src=\"https:\/\/rezortpiestany.sk\/wp-content\/uploads\/2025\/07\/147A01311.jpg\" class=\"attachment-full size-full\" alt=\"\" srcset=\"https:\/\/rezortpiestany.sk\/wp-content\/uploads\/2025\/07\/147A01311.jpg 1500w, https:\/\/rezortpiestany.sk\/wp-content\/uploads\/2025\/07\/147A01311-768x513.jpg 768w\" sizes=\"auto, (max-width: 1500px) 100vw, 1500px\" \/><\/a>\n\t\t\t<\/div><\/figure><figure class='gallery-item'>\n\t\t\t<div class='gallery-icon landscape'>\n\t\t\t\t<a href='https:\/\/rezortpiestany.sk\/en\/?attachment_id=37407'><img loading=\"lazy\" decoding=\"async\" width=\"1500\" height=\"1001\" src=\"https:\/\/rezortpiestany.sk\/wp-content\/uploads\/2025\/07\/147A01721.jpg\" class=\"attachment-full size-full\" alt=\"\" srcset=\"https:\/\/rezortpiestany.sk\/wp-content\/uploads\/2025\/07\/147A01721.jpg 1500w, https:\/\/rezortpiestany.sk\/wp-content\/uploads\/2025\/07\/147A01721-768x513.jpg 768w\" sizes=\"auto, (max-width: 1500px) 100vw, 1500px\" \/><\/a>\n\t\t\t<\/div><\/figure><figure class='gallery-item'>\n\t\t\t<div class='gallery-icon landscape'>\n\t\t\t\t<a href='https:\/\/rezortpiestany.sk\/en\/?attachment_id=37410'><img loading=\"lazy\" decoding=\"async\" width=\"1500\" height=\"1000\" src=\"https:\/\/rezortpiestany.sk\/wp-content\/uploads\/2025\/07\/147A02371.jpg\" class=\"attachment-full size-full\" alt=\"\" srcset=\"https:\/\/rezortpiestany.sk\/wp-content\/uploads\/2025\/07\/147A02371.jpg 1500w, https:\/\/rezortpiestany.sk\/wp-content\/uploads\/2025\/07\/147A02371-768x512.jpg 768w\" sizes=\"auto, (max-width: 1500px) 100vw, 1500px\" \/><\/a>\n\t\t\t<\/div><\/figure><figure class='gallery-item'>\n\t\t\t<div class='gallery-icon landscape'>\n\t\t\t\t<a href='https:\/\/rezortpiestany.sk\/en\/?attachment_id=37419'><img loading=\"lazy\" decoding=\"async\" width=\"1500\" height=\"1001\" src=\"https:\/\/rezortpiestany.sk\/wp-content\/uploads\/2025\/07\/147A03101.jpg\" class=\"attachment-full size-full\" alt=\"\" srcset=\"https:\/\/rezortpiestany.sk\/wp-content\/uploads\/2025\/07\/147A03101.jpg 1500w, https:\/\/rezortpiestany.sk\/wp-content\/uploads\/2025\/07\/147A03101-768x513.jpg 768w\" sizes=\"auto, (max-width: 1500px) 100vw, 1500px\" \/><\/a>\n\t\t\t<\/div><\/figure><figure class='gallery-item'>\n\t\t\t<div class='gallery-icon landscape'>\n\t\t\t\t<a href='https:\/\/rezortpiestany.sk\/en\/?attachment_id=37386'><img loading=\"lazy\" decoding=\"async\" width=\"2560\" height=\"1708\" src=\"https:\/\/rezortpiestany.sk\/wp-content\/uploads\/2025\/07\/147A03601-scaled.jpg\" class=\"attachment-full size-full\" alt=\"\" srcset=\"https:\/\/rezortpiestany.sk\/wp-content\/uploads\/2025\/07\/147A03601-scaled.jpg 2560w, https:\/\/rezortpiestany.sk\/wp-content\/uploads\/2025\/07\/147A03601-768x512.jpg 768w, https:\/\/rezortpiestany.sk\/wp-content\/uploads\/2025\/07\/147A03601-1536x1025.jpg 1536w, https:\/\/rezortpiestany.sk\/wp-content\/uploads\/2025\/07\/147A03601-2048x1366.jpg 2048w\" sizes=\"auto, (max-width: 2560px) 100vw, 2560px\" \/><\/a>\n\t\t\t<\/div><\/figure>\n\t\t<\/div>\n\n","protected":false},"excerpt":{"rendered":"<p>Hop &#038; Chill: Live Traditions of Krakovany Discover lace, folk music, and rural hospitality in Krakovany Experience local traditions: crafts, performers, village customs Round\u2011trip bus transport from Pie\u0161\u0165any, guided tour and ticket included Ticket price: Adult: \u20ac18 Child (3+): \u20ac14, under 3 years: Free (no seat) Departure points in Pie\u0161\u0165any: Hotel Splendid Hotel Esplanade Hotel [&#8230;]<\/p>\n<p><a class=\"btn btn-secondary understrap-read-more-link\" href=\"https:\/\/rezortpiestany.sk\/en\/hop-chill-live-traditions-of-krakovany\/\">Read More&#8230;<\/a><\/p>\n","protected":false},"author":1,"featured_media":0,"parent":0,"menu_order":0,"comment_status":"closed","ping_status":"closed","template":"page-templates\/homepage-page.php","meta":{"footnotes":""},"class_list":["post-37673","page","type-page","status-publish","hentry"],"_links":{"self":[{"href":"https:\/\/rezortpiestany.sk\/en\/wp-json\/wp\/v2\/pages\/37673","targetHints":{"allow":["GET"]}}],"collection":[{"href":"https:\/\/rezortpiestany.sk\/en\/wp-json\/wp\/v2\/pages"}],"about":[{"href":"https:\/\/rezortpiestany.sk\/en\/wp-json\/wp\/v2\/types\/page"}],"author":[{"embeddable":true,"href":"https:\/\/rezortpiestany.sk\/en\/wp-json\/wp\/v2\/users\/1"}],"replies":[{"embeddable":true,"href":"https:\/\/rezortpiestany.sk\/en\/wp-json\/wp\/v2\/comments?post=37673"}],"version-history":[{"count":1,"href":"https:\/\/rezortpiestany.sk\/en\/wp-json\/wp\/v2\/pages\/37673\/revisions"}],"predecessor-version":[{"id":37674,"href":"https:\/\/rezortpiestany.sk\/en\/wp-json\/wp\/v2\/pages\/37673\/revisions\/37674"}],"wp:attachment":[{"href":"https:\/\/rezortpiestany.sk\/en\/wp-json\/wp\/v2\/media?parent=37673"}],"curies":[{"name":"wp","href":"https:\/\/api.w.org\/{rel}","templated":true}]}}