{"id":37652,"date":"2025-09-16T16:06:37","date_gmt":"2025-09-16T16:06:37","guid":{"rendered":"https:\/\/rezortpiestany.sk\/?page_id=37652"},"modified":"2025-09-16T16:06:37","modified_gmt":"2025-09-16T16:06:37","slug":"hop-chill-%d0%b6%d0%b8%d0%b2%d1%8b%d0%b5-%d1%82%d1%80%d0%b0%d0%b4%d0%b8%d1%86%d0%b8%d0%b8-%d0%ba%d1%80%d0%b0%d0%ba%d0%be%d0%b2%d1%8f%d0%bd","status":"publish","type":"page","link":"https:\/\/rezortpiestany.sk\/ru\/hop-chill-%d0%b6%d0%b8%d0%b2%d1%8b%d0%b5-%d1%82%d1%80%d0%b0%d0%b4%d0%b8%d1%86%d0%b8%d0%b8-%d0%ba%d1%80%d0%b0%d0%ba%d0%be%d0%b2%d1%8f%d0%bd\/","title":{"rendered":"Hop &#038; Chill: \u0416\u0438\u0432\u044b\u0435 \u0442\u0440\u0430\u0434\u0438\u0446\u0438\u0438 \u041a\u0440\u0430\u043a\u043e\u0432\u044f\u043d"},"content":{"rendered":"<h1 class=\"featurette-heading\"><span style=\"color: #4a52a3;\">Hop &#038; Chill: \u0416\u0438\u0432\u044b\u0435 \u0442\u0440\u0430\u0434\u0438\u0446\u0438\u0438 \u041a\u0440\u0430\u043a\u043e\u0432\u044f\u043d<\/span><\/h1>\n<ul>\n<li class=\"lead\">\u041e\u0442\u043a\u0440\u043e\u0439\u0442\u0435 \u0434\u043b\u044f \u0441\u0435\u0431\u044f \u043a\u0440\u0443\u0436\u0435\u0432\u043e, \u043d\u0430\u0440\u043e\u0434\u043d\u0443\u044e \u043c\u0443\u0437\u044b\u043a\u0443 \u0438 \u0441\u0435\u043b\u044c\u0441\u043a\u043e\u0435 \u0433\u043e\u0441\u0442\u0435\u043f\u0440\u0438\u0438\u043c\u0441\u0442\u0432\u043e \u0432 \u041a\u0440\u0430\u043a\u043e\u0432\u044f\u043d\u0430\u0445<\/li>\n<li class=\"lead\">\u041f\u043e\u0437\u043d\u0430\u043a\u043e\u043c\u044c\u0442\u0435\u0441\u044c \u0441 \u043c\u0435\u0441\u0442\u043d\u044b\u043c\u0438 \u0442\u0440\u0430\u0434\u0438\u0446\u0438\u044f\u043c\u0438: \u0440\u0435\u043c\u0451\u0441\u043b\u0430, \u043c\u0443\u0437\u044b\u043a\u0430\u043d\u0442\u044b, \u0434\u0435\u0440\u0435\u0432\u0435\u043d\u0441\u043a\u0438\u0435 \u043e\u0431\u044b\u0447\u0430\u0438<\/li>\n<li class=\"lead\">\u0410\u0432\u0442\u043e\u0431\u0443\u0441 \u0438\u0437 \u041f\u0435\u0448\u0442\u0430\u043d\u0435\u0439, \u044d\u043a\u0441\u043a\u0443\u0440\u0441\u0438\u044f \u0441 \u0433\u0438\u0434\u043e\u043c \u0438 \u0432\u0445\u043e\u0434\u043d\u043e\u0439 \u0431\u0438\u043b\u0435\u0442 \u0432\u043a\u043b\u044e\u0447\u0435\u043d\u044b<\/li>\n<\/ul>\n<p><iframe loading=\"lazy\" title=\"Hop &amp; Chill: \u017div\u00e9 trad\u00edcie Krakovian\" width=\"640\" height=\"360\" src=\"https:\/\/www.youtube.com\/embed\/BHQXzbm9rVQ?feature=oembed\" frameborder=\"0\" allow=\"accelerometer; autoplay; clipboard-write; encrypted-media; gyroscope; picture-in-picture; web-share\" referrerpolicy=\"strict-origin-when-cross-origin\" allowfullscreen><\/iframe><\/p>\n<h3 class=\"featurette-heading\"><span style=\"color: #f06a89;\">\u0426\u0435\u043d\u0430 \u0431\u0438\u043b\u0435\u0442\u0430:<\/span><\/h3>\n<p class=\"lead\">\u0412\u0437\u0440\u043e\u0441\u043b\u044b\u0439: \u20ac18<\/p>\n<p class=\"lead\">\u0420\u0435\u0431\u0451\u043d\u043e\u043a (3+): \u20ac14, \u0414\u043e 3 \u043b\u0435\u0442: \u0431\u0435\u0441\u043f\u043b\u0430\u0442\u043d\u043e (\u0431\u0435\u0437 \u043c\u0435\u0441\u0442\u0430)<\/p>\n<h3 class=\"featurette-heading\"><span style=\"color: #f06a89;\">\u041c\u0435\u0441\u0442\u0430 \u043f\u043e\u0441\u0430\u0434\u043a\u0438 \u0432 \u041f\u0438\u0435\u0448\u0442\u044f\u043d\u0430\u0445:<\/span><\/h3>\n<ul>\n<li class=\"lead\">\u041e\u0442\u0435\u043b\u044c Splendid<\/li>\n<li class=\"lead\">\u041e\u0442\u0435\u043b\u044c Esplanade<\/li>\n<li class=\"lead\">\u041e\u0442\u0435\u043b\u044c Pro Patria<\/li>\n<li class=\"lead\">\u0423\u043b\u0438\u0446\u0430 Nitrianska (\u043d\u0430\u043f\u0440\u043e\u0442\u0438\u0432 Aupark)<\/li>\n<li class=\"lead\">\u0423\u043b\u0438\u0446\u0430 Winterova (\u043a\u0430\u0444\u0435 Norma)<\/li>\n<li class=\"lead\">\u0416\u0435\u043b\u0435\u0437\u043d\u043e\u0434\u043e\u0440\u043e\u0436\u043d\u044b\u0439 \u0432\u043e\u043a\u0437\u0430\u043b Pie\u0161\u0165any<\/li>\n<\/ul>\n<p><a class=\"btn btn-primary\" href=\"https:\/\/predpredaj.zoznam.sk\/sk\/listky\/hop-chill-krakovany-2025\/\" target=\"_blank\" rel=\"noopener noreferrer\">\ud83d\udc49\u0417\u0430\u0431\u0440\u043e\u043d\u0438\u0440\u043e\u0432\u0430\u0442\u044c \u0442\u0443\u0440 \u0438 \u0443\u0437\u043d\u0430\u0442\u044c \u043f\u043e\u0434\u0440\u043e\u0431\u043d\u043e\u0441\u0442\u0438\ud83d\udc48<\/a><\/p>\n<h4 class=\"featurette-heading\"><span style=\"color: #f06a89;\">\u0414\u043e\u0441\u0442\u0443\u043f\u043d\u044b\u0435 \u0434\u0430\u0442\u044b:<\/span><\/h4>\n<p class=\"lead\">16 \u0441\u0435\u043d\u0442\u044f\u0431\u0440\u044f 2025<\/p>\n<p class=\"lead\">25 \u0441\u0435\u043d\u0442\u044f\u0431\u0440\u044f 2025<\/p>\n<p class=\"lead\">8 \u043e\u043a\u0442\u044f\u0431\u0440\u044f 2025<\/p>\n<p class=\"lead\">25 \u043e\u043a\u0442\u044f\u0431\u0440\u044f 2025<\/p>\n<p class=\"lead\">8 \u043d\u043e\u044f\u0431\u0440\u044f 2025<\/p>\n<p class=\"lead\">20 \u043d\u043e\u044f\u0431\u0440\u044f 2025<\/p>\n<hr class=\"featurette-divider\" \/>\n<div id='gallery-1' class='gallery galleryid-37652 gallery-columns-3 gallery-size-full'><figure class='gallery-item'>\n\t\t\t<div class='gallery-icon landscape'>\n\t\t\t\t<a href='https:\/\/rezortpiestany.sk\/ru\/hop-chill-%d0%b6%d0%b8%d0%b2%d1%8b%d0%b5-%d1%82%d1%80%d0%b0%d0%b4%d0%b8%d1%86%d0%b8%d0%b8-%d0%ba%d1%80%d0%b0%d0%ba%d0%be%d0%b2%d1%8f%d0%bd\/147a02881\/'><img loading=\"lazy\" decoding=\"async\" width=\"1500\" height=\"1000\" src=\"https:\/\/rezortpiestany.sk\/wp-content\/uploads\/2025\/07\/147A02881.jpg\" class=\"attachment-full size-full\" alt=\"\" srcset=\"https:\/\/rezortpiestany.sk\/wp-content\/uploads\/2025\/07\/147A02881.jpg 1500w, https:\/\/rezortpiestany.sk\/wp-content\/uploads\/2025\/07\/147A02881-768x512.jpg 768w\" sizes=\"auto, (max-width: 1500px) 100vw, 1500px\" \/><\/a>\n\t\t\t<\/div><\/figure><figure class='gallery-item'>\n\t\t\t<div class='gallery-icon landscape'>\n\t\t\t\t<a href='https:\/\/rezortpiestany.sk\/ru\/hop-chill-%d0%b6%d0%b8%d0%b2%d1%8b%d0%b5-%d1%82%d1%80%d0%b0%d0%b4%d0%b8%d1%86%d0%b8%d0%b8-%d0%ba%d1%80%d0%b0%d0%ba%d0%be%d0%b2%d1%8f%d0%bd\/147a99431\/'><img loading=\"lazy\" decoding=\"async\" width=\"2560\" height=\"1707\" src=\"https:\/\/rezortpiestany.sk\/wp-content\/uploads\/2025\/07\/147A99431-scaled.jpg\" class=\"attachment-full size-full\" alt=\"\" srcset=\"https:\/\/rezortpiestany.sk\/wp-content\/uploads\/2025\/07\/147A99431-scaled.jpg 2560w, https:\/\/rezortpiestany.sk\/wp-content\/uploads\/2025\/07\/147A99431-768x512.jpg 768w, https:\/\/rezortpiestany.sk\/wp-content\/uploads\/2025\/07\/147A99431-1536x1024.jpg 1536w, https:\/\/rezortpiestany.sk\/wp-content\/uploads\/2025\/07\/147A99431-2048x1366.jpg 2048w\" sizes=\"auto, (max-width: 2560px) 100vw, 2560px\" \/><\/a>\n\t\t\t<\/div><\/figure><figure class='gallery-item'>\n\t\t\t<div class='gallery-icon landscape'>\n\t\t\t\t<a href='https:\/\/rezortpiestany.sk\/ru\/hop-chill-%d0%b6%d0%b8%d0%b2%d1%8b%d0%b5-%d1%82%d1%80%d0%b0%d0%b4%d0%b8%d1%86%d0%b8%d0%b8-%d0%ba%d1%80%d0%b0%d0%ba%d0%be%d0%b2%d1%8f%d0%bd\/147a99871\/'><img loading=\"lazy\" decoding=\"async\" width=\"2560\" height=\"1707\" src=\"https:\/\/rezortpiestany.sk\/wp-content\/uploads\/2025\/07\/147A99871-scaled.jpg\" class=\"attachment-full size-full\" alt=\"\" srcset=\"https:\/\/rezortpiestany.sk\/wp-content\/uploads\/2025\/07\/147A99871-scaled.jpg 2560w, https:\/\/rezortpiestany.sk\/wp-content\/uploads\/2025\/07\/147A99871-768x512.jpg 768w, https:\/\/rezortpiestany.sk\/wp-content\/uploads\/2025\/07\/147A99871-1536x1024.jpg 1536w, https:\/\/rezortpiestany.sk\/wp-content\/uploads\/2025\/07\/147A99871-2048x1366.jpg 2048w\" sizes=\"auto, (max-width: 2560px) 100vw, 2560px\" \/><\/a>\n\t\t\t<\/div><\/figure><figure class='gallery-item'>\n\t\t\t<div class='gallery-icon landscape'>\n\t\t\t\t<a href='https:\/\/rezortpiestany.sk\/ru\/hop-chill-%d0%b6%d0%b8%d0%b2%d1%8b%d0%b5-%d1%82%d1%80%d0%b0%d0%b4%d0%b8%d1%86%d0%b8%d0%b8-%d0%ba%d1%80%d0%b0%d0%ba%d0%be%d0%b2%d1%8f%d0%bd\/147a00031\/'><img loading=\"lazy\" decoding=\"async\" width=\"2560\" height=\"1708\" src=\"https:\/\/rezortpiestany.sk\/wp-content\/uploads\/2025\/07\/147A00031-scaled.jpg\" class=\"attachment-full size-full\" alt=\"\" srcset=\"https:\/\/rezortpiestany.sk\/wp-content\/uploads\/2025\/07\/147A00031-scaled.jpg 2560w, https:\/\/rezortpiestany.sk\/wp-content\/uploads\/2025\/07\/147A00031-768x512.jpg 768w, https:\/\/rezortpiestany.sk\/wp-content\/uploads\/2025\/07\/147A00031-1536x1025.jpg 1536w, https:\/\/rezortpiestany.sk\/wp-content\/uploads\/2025\/07\/147A00031-2048x1366.jpg 2048w\" sizes=\"auto, (max-width: 2560px) 100vw, 2560px\" \/><\/a>\n\t\t\t<\/div><\/figure><figure class='gallery-item'>\n\t\t\t<div class='gallery-icon landscape'>\n\t\t\t\t<a href='https:\/\/rezortpiestany.sk\/ru\/hop-chill-%d0%b6%d0%b8%d0%b2%d1%8b%d0%b5-%d1%82%d1%80%d0%b0%d0%b4%d0%b8%d1%86%d0%b8%d0%b8-%d0%ba%d1%80%d0%b0%d0%ba%d0%be%d0%b2%d1%8f%d0%bd\/147a00241\/'><img loading=\"lazy\" decoding=\"async\" width=\"2560\" height=\"1708\" src=\"https:\/\/rezortpiestany.sk\/wp-content\/uploads\/2025\/07\/147A00241-scaled.jpg\" class=\"attachment-full size-full\" alt=\"\" srcset=\"https:\/\/rezortpiestany.sk\/wp-content\/uploads\/2025\/07\/147A00241-scaled.jpg 2560w, https:\/\/rezortpiestany.sk\/wp-content\/uploads\/2025\/07\/147A00241-768x512.jpg 768w, https:\/\/rezortpiestany.sk\/wp-content\/uploads\/2025\/07\/147A00241-1536x1025.jpg 1536w, https:\/\/rezortpiestany.sk\/wp-content\/uploads\/2025\/07\/147A00241-2048x1366.jpg 2048w\" sizes=\"auto, (max-width: 2560px) 100vw, 2560px\" \/><\/a>\n\t\t\t<\/div><\/figure><figure class='gallery-item'>\n\t\t\t<div class='gallery-icon landscape'>\n\t\t\t\t<a href='https:\/\/rezortpiestany.sk\/ru\/hop-chill-%d0%b6%d0%b8%d0%b2%d1%8b%d0%b5-%d1%82%d1%80%d0%b0%d0%b4%d0%b8%d1%86%d0%b8%d0%b8-%d0%ba%d1%80%d0%b0%d0%ba%d0%be%d0%b2%d1%8f%d0%bd\/147a01181\/'><img loading=\"lazy\" decoding=\"async\" width=\"2560\" height=\"1708\" src=\"https:\/\/rezortpiestany.sk\/wp-content\/uploads\/2025\/07\/147A01181-scaled.jpg\" class=\"attachment-full size-full\" alt=\"\" srcset=\"https:\/\/rezortpiestany.sk\/wp-content\/uploads\/2025\/07\/147A01181-scaled.jpg 2560w, https:\/\/rezortpiestany.sk\/wp-content\/uploads\/2025\/07\/147A01181-768x512.jpg 768w, https:\/\/rezortpiestany.sk\/wp-content\/uploads\/2025\/07\/147A01181-1536x1025.jpg 1536w, https:\/\/rezortpiestany.sk\/wp-content\/uploads\/2025\/07\/147A01181-2048x1366.jpg 2048w\" sizes=\"auto, (max-width: 2560px) 100vw, 2560px\" \/><\/a>\n\t\t\t<\/div><\/figure><figure class='gallery-item'>\n\t\t\t<div class='gallery-icon landscape'>\n\t\t\t\t<a href='https:\/\/rezortpiestany.sk\/ru\/hop-chill-%d0%b6%d0%b8%d0%b2%d1%8b%d0%b5-%d1%82%d1%80%d0%b0%d0%b4%d0%b8%d1%86%d0%b8%d0%b8-%d0%ba%d1%80%d0%b0%d0%ba%d0%be%d0%b2%d1%8f%d0%bd\/147a01061\/'><img loading=\"lazy\" decoding=\"async\" width=\"2560\" height=\"1707\" src=\"https:\/\/rezortpiestany.sk\/wp-content\/uploads\/2025\/07\/147A01061-scaled.jpg\" class=\"attachment-full size-full\" alt=\"\" srcset=\"https:\/\/rezortpiestany.sk\/wp-content\/uploads\/2025\/07\/147A01061-scaled.jpg 2560w, https:\/\/rezortpiestany.sk\/wp-content\/uploads\/2025\/07\/147A01061-768x512.jpg 768w, https:\/\/rezortpiestany.sk\/wp-content\/uploads\/2025\/07\/147A01061-1536x1024.jpg 1536w, https:\/\/rezortpiestany.sk\/wp-content\/uploads\/2025\/07\/147A01061-2048x1366.jpg 2048w\" sizes=\"auto, (max-width: 2560px) 100vw, 2560px\" \/><\/a>\n\t\t\t<\/div><\/figure><figure class='gallery-item'>\n\t\t\t<div class='gallery-icon landscape'>\n\t\t\t\t<a href='https:\/\/rezortpiestany.sk\/ru\/hop-chill-%d0%b6%d0%b8%d0%b2%d1%8b%d0%b5-%d1%82%d1%80%d0%b0%d0%b4%d0%b8%d1%86%d0%b8%d0%b8-%d0%ba%d1%80%d0%b0%d0%ba%d0%be%d0%b2%d1%8f%d0%bd\/147a02131\/'><img loading=\"lazy\" decoding=\"async\" width=\"2560\" height=\"1708\" src=\"https:\/\/rezortpiestany.sk\/wp-content\/uploads\/2025\/07\/147A02131-scaled.jpg\" class=\"attachment-full size-full\" alt=\"\" srcset=\"https:\/\/rezortpiestany.sk\/wp-content\/uploads\/2025\/07\/147A02131-scaled.jpg 2560w, https:\/\/rezortpiestany.sk\/wp-content\/uploads\/2025\/07\/147A02131-768x512.jpg 768w, https:\/\/rezortpiestany.sk\/wp-content\/uploads\/2025\/07\/147A02131-1536x1025.jpg 1536w, https:\/\/rezortpiestany.sk\/wp-content\/uploads\/2025\/07\/147A02131-2048x1366.jpg 2048w\" sizes=\"auto, (max-width: 2560px) 100vw, 2560px\" \/><\/a>\n\t\t\t<\/div><\/figure><figure class='gallery-item'>\n\t\t\t<div class='gallery-icon landscape'>\n\t\t\t\t<a href='https:\/\/rezortpiestany.sk\/ru\/hop-chill-%d0%b6%d0%b8%d0%b2%d1%8b%d0%b5-%d1%82%d1%80%d0%b0%d0%b4%d0%b8%d1%86%d0%b8%d0%b8-%d0%ba%d1%80%d0%b0%d0%ba%d0%be%d0%b2%d1%8f%d0%bd\/147a99691\/'><img loading=\"lazy\" decoding=\"async\" width=\"2560\" height=\"1707\" src=\"https:\/\/rezortpiestany.sk\/wp-content\/uploads\/2025\/07\/147A99691-scaled.jpg\" class=\"attachment-full size-full\" alt=\"\" srcset=\"https:\/\/rezortpiestany.sk\/wp-content\/uploads\/2025\/07\/147A99691-scaled.jpg 2560w, https:\/\/rezortpiestany.sk\/wp-content\/uploads\/2025\/07\/147A99691-768x512.jpg 768w, https:\/\/rezortpiestany.sk\/wp-content\/uploads\/2025\/07\/147A99691-1536x1024.jpg 1536w, https:\/\/rezortpiestany.sk\/wp-content\/uploads\/2025\/07\/147A99691-2048x1366.jpg 2048w\" sizes=\"auto, (max-width: 2560px) 100vw, 2560px\" \/><\/a>\n\t\t\t<\/div><\/figure><figure class='gallery-item'>\n\t\t\t<div class='gallery-icon landscape'>\n\t\t\t\t<a href='https:\/\/rezortpiestany.sk\/ru\/hop-chill-%d0%b6%d0%b8%d0%b2%d1%8b%d0%b5-%d1%82%d1%80%d0%b0%d0%b4%d0%b8%d1%86%d0%b8%d0%b8-%d0%ba%d1%80%d0%b0%d0%ba%d0%be%d0%b2%d1%8f%d0%bd\/147a00811\/'><img loading=\"lazy\" decoding=\"async\" width=\"1500\" height=\"1000\" src=\"https:\/\/rezortpiestany.sk\/wp-content\/uploads\/2025\/07\/147A00811.jpg\" class=\"attachment-full size-full\" alt=\"\" srcset=\"https:\/\/rezortpiestany.sk\/wp-content\/uploads\/2025\/07\/147A00811.jpg 1500w, https:\/\/rezortpiestany.sk\/wp-content\/uploads\/2025\/07\/147A00811-768x512.jpg 768w\" sizes=\"auto, (max-width: 1500px) 100vw, 1500px\" \/><\/a>\n\t\t\t<\/div><\/figure><figure class='gallery-item'>\n\t\t\t<div class='gallery-icon landscape'>\n\t\t\t\t<a href='https:\/\/rezortpiestany.sk\/ru\/hop-chill-%d0%b6%d0%b8%d0%b2%d1%8b%d0%b5-%d1%82%d1%80%d0%b0%d0%b4%d0%b8%d1%86%d0%b8%d0%b8-%d0%ba%d1%80%d0%b0%d0%ba%d0%be%d0%b2%d1%8f%d0%bd\/147a01311\/'><img loading=\"lazy\" decoding=\"async\" width=\"1500\" height=\"1001\" src=\"https:\/\/rezortpiestany.sk\/wp-content\/uploads\/2025\/07\/147A01311.jpg\" class=\"attachment-full size-full\" alt=\"\" srcset=\"https:\/\/rezortpiestany.sk\/wp-content\/uploads\/2025\/07\/147A01311.jpg 1500w, https:\/\/rezortpiestany.sk\/wp-content\/uploads\/2025\/07\/147A01311-768x513.jpg 768w\" sizes=\"auto, (max-width: 1500px) 100vw, 1500px\" \/><\/a>\n\t\t\t<\/div><\/figure><figure class='gallery-item'>\n\t\t\t<div class='gallery-icon landscape'>\n\t\t\t\t<a href='https:\/\/rezortpiestany.sk\/ru\/hop-chill-%d0%b6%d0%b8%d0%b2%d1%8b%d0%b5-%d1%82%d1%80%d0%b0%d0%b4%d0%b8%d1%86%d0%b8%d0%b8-%d0%ba%d1%80%d0%b0%d0%ba%d0%be%d0%b2%d1%8f%d0%bd\/147a01721\/'><img loading=\"lazy\" decoding=\"async\" width=\"1500\" height=\"1001\" src=\"https:\/\/rezortpiestany.sk\/wp-content\/uploads\/2025\/07\/147A01721.jpg\" class=\"attachment-full size-full\" alt=\"\" srcset=\"https:\/\/rezortpiestany.sk\/wp-content\/uploads\/2025\/07\/147A01721.jpg 1500w, https:\/\/rezortpiestany.sk\/wp-content\/uploads\/2025\/07\/147A01721-768x513.jpg 768w\" sizes=\"auto, (max-width: 1500px) 100vw, 1500px\" \/><\/a>\n\t\t\t<\/div><\/figure><figure class='gallery-item'>\n\t\t\t<div class='gallery-icon landscape'>\n\t\t\t\t<a href='https:\/\/rezortpiestany.sk\/ru\/hop-chill-%d0%b6%d0%b8%d0%b2%d1%8b%d0%b5-%d1%82%d1%80%d0%b0%d0%b4%d0%b8%d1%86%d0%b8%d0%b8-%d0%ba%d1%80%d0%b0%d0%ba%d0%be%d0%b2%d1%8f%d0%bd\/147a02371\/'><img loading=\"lazy\" decoding=\"async\" width=\"1500\" height=\"1000\" src=\"https:\/\/rezortpiestany.sk\/wp-content\/uploads\/2025\/07\/147A02371.jpg\" class=\"attachment-full size-full\" alt=\"\" srcset=\"https:\/\/rezortpiestany.sk\/wp-content\/uploads\/2025\/07\/147A02371.jpg 1500w, https:\/\/rezortpiestany.sk\/wp-content\/uploads\/2025\/07\/147A02371-768x512.jpg 768w\" sizes=\"auto, (max-width: 1500px) 100vw, 1500px\" \/><\/a>\n\t\t\t<\/div><\/figure><figure class='gallery-item'>\n\t\t\t<div class='gallery-icon landscape'>\n\t\t\t\t<a href='https:\/\/rezortpiestany.sk\/ru\/hop-chill-%d0%b6%d0%b8%d0%b2%d1%8b%d0%b5-%d1%82%d1%80%d0%b0%d0%b4%d0%b8%d1%86%d0%b8%d0%b8-%d0%ba%d1%80%d0%b0%d0%ba%d0%be%d0%b2%d1%8f%d0%bd\/147a03101\/'><img loading=\"lazy\" decoding=\"async\" width=\"1500\" height=\"1001\" src=\"https:\/\/rezortpiestany.sk\/wp-content\/uploads\/2025\/07\/147A03101.jpg\" class=\"attachment-full size-full\" alt=\"\" srcset=\"https:\/\/rezortpiestany.sk\/wp-content\/uploads\/2025\/07\/147A03101.jpg 1500w, https:\/\/rezortpiestany.sk\/wp-content\/uploads\/2025\/07\/147A03101-768x513.jpg 768w\" sizes=\"auto, (max-width: 1500px) 100vw, 1500px\" \/><\/a>\n\t\t\t<\/div><\/figure><figure class='gallery-item'>\n\t\t\t<div class='gallery-icon landscape'>\n\t\t\t\t<a href='https:\/\/rezortpiestany.sk\/ru\/hop-chill-%d0%b6%d0%b8%d0%b2%d1%8b%d0%b5-%d1%82%d1%80%d0%b0%d0%b4%d0%b8%d1%86%d0%b8%d0%b8-%d0%ba%d1%80%d0%b0%d0%ba%d0%be%d0%b2%d1%8f%d0%bd\/147a03601\/'><img loading=\"lazy\" decoding=\"async\" width=\"2560\" height=\"1708\" src=\"https:\/\/rezortpiestany.sk\/wp-content\/uploads\/2025\/07\/147A03601-scaled.jpg\" class=\"attachment-full size-full\" alt=\"\" srcset=\"https:\/\/rezortpiestany.sk\/wp-content\/uploads\/2025\/07\/147A03601-scaled.jpg 2560w, https:\/\/rezortpiestany.sk\/wp-content\/uploads\/2025\/07\/147A03601-768x512.jpg 768w, https:\/\/rezortpiestany.sk\/wp-content\/uploads\/2025\/07\/147A03601-1536x1025.jpg 1536w, https:\/\/rezortpiestany.sk\/wp-content\/uploads\/2025\/07\/147A03601-2048x1366.jpg 2048w\" sizes=\"auto, (max-width: 2560px) 100vw, 2560px\" \/><\/a>\n\t\t\t<\/div><\/figure>\n\t\t<\/div>\n\n","protected":false},"excerpt":{"rendered":"<p>Hop &#038; Chill: \u0416\u0438\u0432\u044b\u0435 \u0442\u0440\u0430\u0434\u0438\u0446\u0438\u0438 \u041a\u0440\u0430\u043a\u043e\u0432\u044f\u043d \u041e\u0442\u043a\u0440\u043e\u0439\u0442\u0435 \u0434\u043b\u044f \u0441\u0435\u0431\u044f \u043a\u0440\u0443\u0436\u0435\u0432\u043e, \u043d\u0430\u0440\u043e\u0434\u043d\u0443\u044e \u043c\u0443\u0437\u044b\u043a\u0443 \u0438 \u0441\u0435\u043b\u044c\u0441\u043a\u043e\u0435 \u0433\u043e\u0441\u0442\u0435\u043f\u0440\u0438\u0438\u043c\u0441\u0442\u0432\u043e \u0432 \u041a\u0440\u0430\u043a\u043e\u0432\u044f\u043d\u0430\u0445 \u041f\u043e\u0437\u043d\u0430\u043a\u043e\u043c\u044c\u0442\u0435\u0441\u044c \u0441 \u043c\u0435\u0441\u0442\u043d\u044b\u043c\u0438 \u0442\u0440\u0430\u0434\u0438\u0446\u0438\u044f\u043c\u0438: \u0440\u0435\u043c\u0451\u0441\u043b\u0430, \u043c\u0443\u0437\u044b\u043a\u0430\u043d\u0442\u044b, \u0434\u0435\u0440\u0435\u0432\u0435\u043d\u0441\u043a\u0438\u0435 \u043e\u0431\u044b\u0447\u0430\u0438 \u0410\u0432\u0442\u043e\u0431\u0443\u0441 \u0438\u0437 \u041f\u0435\u0448\u0442\u0430\u043d\u0435\u0439, \u044d\u043a\u0441\u043a\u0443\u0440\u0441\u0438\u044f \u0441 \u0433\u0438\u0434\u043e\u043c \u0438 \u0432\u0445\u043e\u0434\u043d\u043e\u0439 \u0431\u0438\u043b\u0435\u0442 \u0432\u043a\u043b\u044e\u0447\u0435\u043d\u044b \u0426\u0435\u043d\u0430 \u0431\u0438\u043b\u0435\u0442\u0430: \u0412\u0437\u0440\u043e\u0441\u043b\u044b\u0439: \u20ac18 \u0420\u0435\u0431\u0451\u043d\u043e\u043a (3+): \u20ac14, \u0414\u043e 3 \u043b\u0435\u0442: \u0431\u0435\u0441\u043f\u043b\u0430\u0442\u043d\u043e (\u0431\u0435\u0437 \u043c\u0435\u0441\u0442\u0430) \u041c\u0435\u0441\u0442\u0430 \u043f\u043e\u0441\u0430\u0434\u043a\u0438 \u0432 \u041f\u0438\u0435\u0448\u0442\u044f\u043d\u0430\u0445: \u041e\u0442\u0435\u043b\u044c Splendid \u041e\u0442\u0435\u043b\u044c [&#8230;]<\/p>\n<p><a class=\"btn btn-secondary understrap-read-more-link\" href=\"https:\/\/rezortpiestany.sk\/ru\/hop-chill-%d0%b6%d0%b8%d0%b2%d1%8b%d0%b5-%d1%82%d1%80%d0%b0%d0%b4%d0%b8%d1%86%d0%b8%d0%b8-%d0%ba%d1%80%d0%b0%d0%ba%d0%be%d0%b2%d1%8f%d0%bd\/\">Read More&#8230;<\/a><\/p>\n","protected":false},"author":1,"featured_media":0,"parent":0,"menu_order":0,"comment_status":"closed","ping_status":"closed","template":"page-templates\/homepage-page.php","meta":{"footnotes":""},"class_list":["post-37652","page","type-page","status-publish","hentry"],"_links":{"self":[{"href":"https:\/\/rezortpiestany.sk\/ru\/wp-json\/wp\/v2\/pages\/37652","targetHints":{"allow":["GET"]}}],"collection":[{"href":"https:\/\/rezortpiestany.sk\/ru\/wp-json\/wp\/v2\/pages"}],"about":[{"href":"https:\/\/rezortpiestany.sk\/ru\/wp-json\/wp\/v2\/types\/page"}],"author":[{"embeddable":true,"href":"https:\/\/rezortpiestany.sk\/ru\/wp-json\/wp\/v2\/users\/1"}],"replies":[{"embeddable":true,"href":"https:\/\/rezortpiestany.sk\/ru\/wp-json\/wp\/v2\/comments?post=37652"}],"version-history":[{"count":2,"href":"https:\/\/rezortpiestany.sk\/ru\/wp-json\/wp\/v2\/pages\/37652\/revisions"}],"predecessor-version":[{"id":37672,"href":"https:\/\/rezortpiestany.sk\/ru\/wp-json\/wp\/v2\/pages\/37652\/revisions\/37672"}],"wp:attachment":[{"href":"https:\/\/rezortpiestany.sk\/ru\/wp-json\/wp\/v2\/media?parent=37652"}],"curies":[{"name":"wp","href":"https:\/\/api.w.org\/{rel}","templated":true}]}}